{"id":535,"date":"2024-01-23T15:36:51","date_gmt":"2024-01-23T14:36:51","guid":{"rendered":"https:\/\/cocuma.ch\/?page_id=535"},"modified":"2025-01-05T10:48:38","modified_gmt":"2025-01-05T09:48:38","slug":"agb","status":"publish","type":"page","link":"https:\/\/cocuma.ch\/de\/agb\/","title":{"rendered":"AGB"},"content":{"rendered":"<h3><strong>Allgemeine Gesch\u00e4ftsbedingungen<\/strong><\/h3>\n<p>Zur besseren Lesbarkeit verzichten wir auf die Ausformulierung der weiblichen Form. Und verwenden ausschliesslich die m\u00e4nnliche Form. Diese Begriffe gelten immer f\u00fcr beide Geschlechter.<\/p>\n<p><strong>Vertragsgegenstand, Geltungsbereich<\/strong><br \/>\nCocuma AG (nachfolgende Cocuma) verkauft den Kunden die im Onlineshop spezifizierten Waren zu den nachstehend aufgef\u00fchrten Liefer- und Verkaufsbedingungen (AGB).<\/p>\n<p><strong>Vertragsabschluss<\/strong><br \/>\nDer Kunde akzeptiert mit der Bestellung von Kaffee oder anderen Produkten und Dienstleistungen die Allgemeinen Gesch\u00e4ftsbedingungen (nachfolgend AGB\u2019s).<\/p>\n<p><strong>Vorauszahlung oder Abholung<\/strong><br \/>\nKunden haben die M\u00f6glichkeit, die Ware mit Vorauszahlung zu bestellen oder diese vor Ort bei Cocuma AG, L\u00e4ngfeldweg 110 in 2504 Biel abzuholen und vor Ort zu bezahlen, wodurch die Portokosten entfallen.<\/p>\n<p><strong>Lieferbedingungen<\/strong><br \/>\nCocuma liefert innerhalb der Schweiz und des F\u00fcrstentums Liechtenstein. Cocuma liefern nicht ins Ausland. Die Lieferfrist betr\u00e4gt, wenn nicht anders vermerkt, 2-4 Arbeitstage. Die Auslieferung erfolgt mit der Post. Falls die Kunden bei Anlieferung nicht zu Hause sind, wird das Paket vor der T\u00fcre deponiert. Die Lieferung erfolgt auf Kosten und Verantwortung der Kundschaft.<\/p>\n<p><strong>Versandkosten<\/strong><br \/>\nAb 100 CHF Einkauf verzichten wir auf Versandkosten. Bis 100 CHF betragen die Versandkosten pauschal 10 CHF pro Lieferung.<\/p>\n<p><strong>R\u00fcckgaberecht<\/strong><br \/>\nFalschlieferungen k\u00f6nnen zur\u00fcckgeschickt und zur\u00fcckerstattet werden. Die R\u00fcckgabefrist betr\u00e4gt 10 Tage. Falsch bestellte Produkte, die bereits ge\u00f6ffnet wurden, k\u00f6nnen wir aus hygienischen Gr\u00fcnden nicht zur\u00fccknehmen und auch nicht zur\u00fcckverg\u00fcten. Bei M\u00e4ngeln an gelieferter Ware haben die Kunden die Pflicht, innert 8 Tagen nach Erhalt der Lieferung die M\u00e4ngel schriftlich zu melden. Nach R\u00fccksendung der mangelhaften Ware erhalten die Kunden eine Ersatzlieferung. Falls dies aus irgendeinem Grund nicht m\u00f6glich ist, werden die verrechneten Kosten f\u00fcr die Ware r\u00fcckverg\u00fctet. \u00c4nderungen an der \u00e4usseren Gestalt des Produktes stellen keinen Mangel dar.<\/p>\n<p><strong>Zahlungsbedingungen<\/strong><br \/>\nEs stehen den Kunden folgende Zahlungsm\u00f6glichkeiten zur Auswahl: Barzahlung vor Ort, Vorauszahlung mit den im Onlineshop zur Verf\u00fcgung stehenden Zahlungsmitteln.<\/p>\n<p><strong>Preise<\/strong><br \/>\nDie Preise im Onlineshop k\u00f6nnen ohne Benachrichtigung angepasst werden. Sie werden immer in Schweizer Franken (CHF) und inkl. Mehrwertsteuer ausgewiesen.<\/p>\n<p><em>F\u00fcr Gesch\u00e4ftskunden:<\/em><br \/>\nDie Zahlung hat innerhalb von 30 Tagen nach Rechnungsstellung zu erfolgen, nach Ablauf dieser Frist werden die Mahnkosten dem Schuldner belastet: Bei der ersten Mahnung erheben wir 10 CHF Geb\u00fchren, ab der zweiten Mahnung 20 CHF. Zudem kann gem. Art. 104 Abs. 1 OR Verzugszins von 10% geltend gemacht werden. Cocuma beh\u00e4lt sich vor, Vorauskasse zu verlangen.<\/p>\n<p><em>Eigentumsvorbehalt:<\/em><br \/>\nDie gelieferten Waren bleiben bis zur vollst\u00e4ndigen Bezahlung Eigentum von Cocuma. Diese ist berechtigt, einen entsprechenden Eintrag im Eigentumvorbehaltsregister vorzunehmen. Falls die Kundschaft mit der Bezahlung des Kaufpreises in Verzug ger\u00e4t, ist Cocuma berechtigt nach einer Zahlungserinnerung\/Mahnung, vom Vertrag zur\u00fcckzutreten (R\u00fccktrittserkl\u00e4rung) und die Ware in ihren Besitz zu nehmen.<\/p>\n<p><strong>Kurswesen \/ Teamanl\u00e4sse<\/strong><br \/>\nDie Anmeldung erfolgt per Mail, Telefon oder pers\u00f6nlich vor Ort und gilt als verbindlich. Die Kosten sind bis 3 Tage vor Durchf\u00fchrung zu begleichen. Im Verhinderungsfall k\u00f6nnen sich Kunden schriftlich oder m\u00fcndlich abmelden oder den Kurs umbuchen. Bei Absage infolge h\u00f6herer Gewalt (Unfall, Krankheit, etc.) ist eine Best\u00e4tigung einzureichen, damit der Kurs \/ der Anlass an einem anderen Datum nachgeholt werden kann. F\u00fcr alle anderen Absagen gelten folgende Regeln:<\/p>\n<p>&gt; 14 Tage vor Anlass: Volle Kosten werden zur\u00fcckerstattet<br \/>\n&lt; 14 Tage: 25% der Kosten werden zur\u00fcckerstattet<br \/>\n&lt; 3 Tage: Es gibt keine Kosten-R\u00fcckerstattung.<\/p>\n<p>Kurse werden nur bei gen\u00fcgend Teilnehmern durchgef\u00fchrt.<\/p>\n<p><strong>Datenschutz<\/strong><br \/>\nDie von den Kunden get\u00e4tigten Angaben \u00fcber seine Person werden streng vertraulich behandelt und nur von Cocuma genutzt. Cocuma nutzt eine Sicherheitstechnologie, um Kundendaten gegen unbefugtes Bearbeiten zu sch\u00fctzen. F\u00fcr die Sicherheit, der im Internet \u00fcbermittelten Daten kann keine Haftung \u00fcbernommen werden. Die \u00dcbermittlung der Daten erfolgt unverschl\u00fcsselt.<\/p>\n<p><strong>Gerichtsstand und anwendbares Recht<\/strong><br \/>\nDie vorliegenden AGB und die Vertr\u00e4ge, die aufgrund dieser AGB geschlossen werden, unterliegen dem schweizerischen Recht. Gerichtsstand ist am Sitz der Cocuma AG, L\u00e4ngfeldweg 110, 2504 Biel.<\/p>\n<p>Biel, 19. September 2023<\/p>\n","protected":false},"excerpt":{"rendered":"<p>Allgemeine Gesch\u00e4ftsbedingungen Zur besseren Lesbarkeit verzichten wir auf die Ausformulierung der weiblichen Form. Und verwenden ausschliesslich die m\u00e4nnliche Form. Diese Begriffe gelten immer f\u00fcr beide Geschlechter. Vertragsgegenstand, Geltungsbereich Cocuma AG&#8230;<\/p>\n","protected":false},"author":2,"featured_media":0,"parent":0,"menu_order":0,"comment_status":"closed","ping_status":"closed","template":"","meta":{"inline_featured_image":false,"footnotes":""},"class_list":["post-535","page","type-page","status-publish"],"yoast_head":"<!-- This site is optimized with the Yoast SEO plugin v27.4 - https:\/\/yoast.com\/product\/yoast-seo-wordpress\/ -->\n<title>AGB - Cocuma<\/title>\n<meta name=\"description\" content=\"Cocuma AGB&#039;s (Allgemeine Gesch\u00e4ftsbedingungen)\" \/>\n<meta name=\"robots\" content=\"index, follow, max-snippet:-1, max-image-preview:large, max-video-preview:-1\" \/>\n<link rel=\"canonical\" href=\"https:\/\/cocuma.ch\/de\/agb\/\" \/>\n<meta property=\"og:locale\" content=\"de_DE\" \/>\n<meta property=\"og:type\" content=\"article\" \/>\n<meta property=\"og:title\" content=\"AGB - Cocuma\" \/>\n<meta property=\"og:description\" content=\"Cocuma AGB&#039;s (Allgemeine Gesch\u00e4ftsbedingungen)\" \/>\n<meta property=\"og:url\" content=\"https:\/\/cocuma.ch\/de\/agb\/\" \/>\n<meta property=\"og:site_name\" content=\"Cocuma\" \/>\n<meta property=\"article:modified_time\" content=\"2025-01-05T09:48:38+00:00\" \/>\n<meta property=\"og:image\" content=\"https:\/\/cocuma.ch\/wp-content\/uploads\/2024\/03\/fallback_1200x675.jpg\" \/>\n\t<meta property=\"og:image:width\" content=\"1200\" \/>\n\t<meta property=\"og:image:height\" content=\"675\" \/>\n\t<meta property=\"og:image:type\" content=\"image\/jpeg\" \/>\n<meta name=\"twitter:card\" content=\"summary_large_image\" \/>\n<meta name=\"twitter:label1\" content=\"Gesch\u00e4tzte Lesezeit\" \/>\n\t<meta name=\"twitter:data1\" content=\"4\u00a0Minuten\" \/>\n<script type=\"application\/ld+json\" class=\"yoast-schema-graph\">{\"@context\":\"https:\\\/\\\/schema.org\",\"@graph\":[{\"@type\":\"WebPage\",\"@id\":\"https:\\\/\\\/cocuma.ch\\\/de\\\/agb\\\/\",\"url\":\"https:\\\/\\\/cocuma.ch\\\/de\\\/agb\\\/\",\"name\":\"AGB - Cocuma\",\"isPartOf\":{\"@id\":\"https:\\\/\\\/cocuma.ch\\\/de\\\/#website\"},\"datePublished\":\"2024-01-23T14:36:51+00:00\",\"dateModified\":\"2025-01-05T09:48:38+00:00\",\"description\":\"Cocuma AGB's (Allgemeine Gesch\u00e4ftsbedingungen)\",\"breadcrumb\":{\"@id\":\"https:\\\/\\\/cocuma.ch\\\/de\\\/agb\\\/#breadcrumb\"},\"inLanguage\":\"de\",\"potentialAction\":[{\"@type\":\"ReadAction\",\"target\":[\"https:\\\/\\\/cocuma.ch\\\/de\\\/agb\\\/\"]}]},{\"@type\":\"BreadcrumbList\",\"@id\":\"https:\\\/\\\/cocuma.ch\\\/de\\\/agb\\\/#breadcrumb\",\"itemListElement\":[{\"@type\":\"ListItem\",\"position\":1,\"name\":\"Startseite\",\"item\":\"https:\\\/\\\/cocuma.ch\\\/de\\\/\"},{\"@type\":\"ListItem\",\"position\":2,\"name\":\"AGB\"}]},{\"@type\":\"WebSite\",\"@id\":\"https:\\\/\\\/cocuma.ch\\\/de\\\/#website\",\"url\":\"https:\\\/\\\/cocuma.ch\\\/de\\\/\",\"name\":\"Cocuma Caff\u00e8\",\"description\":\"BEANS ON FIRE\",\"publisher\":{\"@id\":\"https:\\\/\\\/cocuma.ch\\\/de\\\/#organization\"},\"alternateName\":\"Cocuma Kaffeegenuss \\\/ Cocuma plaisir du caf\u00e9\",\"potentialAction\":[{\"@type\":\"SearchAction\",\"target\":{\"@type\":\"EntryPoint\",\"urlTemplate\":\"https:\\\/\\\/cocuma.ch\\\/de\\\/?s={search_term_string}\"},\"query-input\":{\"@type\":\"PropertyValueSpecification\",\"valueRequired\":true,\"valueName\":\"search_term_string\"}}],\"inLanguage\":\"de\"},{\"@type\":\"Organization\",\"@id\":\"https:\\\/\\\/cocuma.ch\\\/de\\\/#organization\",\"name\":\"Cocuma AG\",\"url\":\"https:\\\/\\\/cocuma.ch\\\/de\\\/\",\"logo\":{\"@type\":\"ImageObject\",\"inLanguage\":\"de\",\"@id\":\"https:\\\/\\\/cocuma.ch\\\/de\\\/#\\\/schema\\\/logo\\\/image\\\/\",\"url\":\"https:\\\/\\\/cocuma.ch\\\/wp-content\\\/uploads\\\/2024\\\/01\\\/Cocuma_Logo_Beans_cmyk.svg\",\"contentUrl\":\"https:\\\/\\\/cocuma.ch\\\/wp-content\\\/uploads\\\/2024\\\/01\\\/Cocuma_Logo_Beans_cmyk.svg\",\"width\":406,\"height\":135,\"caption\":\"Cocuma AG\"},\"image\":{\"@id\":\"https:\\\/\\\/cocuma.ch\\\/de\\\/#\\\/schema\\\/logo\\\/image\\\/\"},\"sameAs\":[\"https:\\\/\\\/www.instagram.com\\\/cocuma_caffe\\\/\",\"https:\\\/\\\/www.linkedin.com\\\/company\\\/cocuma-ag\\\/\"]}]}<\/script>\n<!-- \/ Yoast SEO plugin. -->","yoast_head_json":{"title":"AGB - Cocuma","description":"Cocuma AGB's (Allgemeine Gesch\u00e4ftsbedingungen)","robots":{"index":"index","follow":"follow","max-snippet":"max-snippet:-1","max-image-preview":"max-image-preview:large","max-video-preview":"max-video-preview:-1"},"canonical":"https:\/\/cocuma.ch\/de\/agb\/","og_locale":"de_DE","og_type":"article","og_title":"AGB - Cocuma","og_description":"Cocuma AGB's (Allgemeine Gesch\u00e4ftsbedingungen)","og_url":"https:\/\/cocuma.ch\/de\/agb\/","og_site_name":"Cocuma","article_modified_time":"2025-01-05T09:48:38+00:00","og_image":[{"width":1200,"height":675,"url":"https:\/\/cocuma.ch\/wp-content\/uploads\/2024\/03\/fallback_1200x675.jpg","type":"image\/jpeg"}],"twitter_card":"summary_large_image","twitter_misc":{"Gesch\u00e4tzte Lesezeit":"4\u00a0Minuten"},"schema":{"@context":"https:\/\/schema.org","@graph":[{"@type":"WebPage","@id":"https:\/\/cocuma.ch\/de\/agb\/","url":"https:\/\/cocuma.ch\/de\/agb\/","name":"AGB - Cocuma","isPartOf":{"@id":"https:\/\/cocuma.ch\/de\/#website"},"datePublished":"2024-01-23T14:36:51+00:00","dateModified":"2025-01-05T09:48:38+00:00","description":"Cocuma AGB's (Allgemeine Gesch\u00e4ftsbedingungen)","breadcrumb":{"@id":"https:\/\/cocuma.ch\/de\/agb\/#breadcrumb"},"inLanguage":"de","potentialAction":[{"@type":"ReadAction","target":["https:\/\/cocuma.ch\/de\/agb\/"]}]},{"@type":"BreadcrumbList","@id":"https:\/\/cocuma.ch\/de\/agb\/#breadcrumb","itemListElement":[{"@type":"ListItem","position":1,"name":"Startseite","item":"https:\/\/cocuma.ch\/de\/"},{"@type":"ListItem","position":2,"name":"AGB"}]},{"@type":"WebSite","@id":"https:\/\/cocuma.ch\/de\/#website","url":"https:\/\/cocuma.ch\/de\/","name":"Cocuma Caff\u00e8","description":"BEANS ON FIRE","publisher":{"@id":"https:\/\/cocuma.ch\/de\/#organization"},"alternateName":"Cocuma Kaffeegenuss \/ Cocuma plaisir du caf\u00e9","potentialAction":[{"@type":"SearchAction","target":{"@type":"EntryPoint","urlTemplate":"https:\/\/cocuma.ch\/de\/?s={search_term_string}"},"query-input":{"@type":"PropertyValueSpecification","valueRequired":true,"valueName":"search_term_string"}}],"inLanguage":"de"},{"@type":"Organization","@id":"https:\/\/cocuma.ch\/de\/#organization","name":"Cocuma AG","url":"https:\/\/cocuma.ch\/de\/","logo":{"@type":"ImageObject","inLanguage":"de","@id":"https:\/\/cocuma.ch\/de\/#\/schema\/logo\/image\/","url":"https:\/\/cocuma.ch\/wp-content\/uploads\/2024\/01\/Cocuma_Logo_Beans_cmyk.svg","contentUrl":"https:\/\/cocuma.ch\/wp-content\/uploads\/2024\/01\/Cocuma_Logo_Beans_cmyk.svg","width":406,"height":135,"caption":"Cocuma AG"},"image":{"@id":"https:\/\/cocuma.ch\/de\/#\/schema\/logo\/image\/"},"sameAs":["https:\/\/www.instagram.com\/cocuma_caffe\/","https:\/\/www.linkedin.com\/company\/cocuma-ag\/"]}]}},"_links":{"self":[{"href":"https:\/\/cocuma.ch\/de\/wp-json\/wp\/v2\/pages\/535","targetHints":{"allow":["GET"]}}],"collection":[{"href":"https:\/\/cocuma.ch\/de\/wp-json\/wp\/v2\/pages"}],"about":[{"href":"https:\/\/cocuma.ch\/de\/wp-json\/wp\/v2\/types\/page"}],"author":[{"embeddable":true,"href":"https:\/\/cocuma.ch\/de\/wp-json\/wp\/v2\/users\/2"}],"replies":[{"embeddable":true,"href":"https:\/\/cocuma.ch\/de\/wp-json\/wp\/v2\/comments?post=535"}],"version-history":[{"count":3,"href":"https:\/\/cocuma.ch\/de\/wp-json\/wp\/v2\/pages\/535\/revisions"}],"predecessor-version":[{"id":13508,"href":"https:\/\/cocuma.ch\/de\/wp-json\/wp\/v2\/pages\/535\/revisions\/13508"}],"wp:attachment":[{"href":"https:\/\/cocuma.ch\/de\/wp-json\/wp\/v2\/media?parent=535"}],"curies":[{"name":"wp","href":"https:\/\/api.w.org\/{rel}","templated":true}]}}