{"id":2198,"date":"2024-03-05T14:18:25","date_gmt":"2024-03-05T13:18:25","guid":{"rendered":"https:\/\/cocuma.ch\/?post_type=product&#038;p=2198"},"modified":"2025-01-29T11:19:33","modified_gmt":"2025-01-29T10:19:33","slug":"gutscheine","status":"publish","type":"product","link":"https:\/\/cocuma.ch\/de\/produkt\/gutscheine\/","title":{"rendered":"Gutscheine"},"content":{"rendered":"","protected":false},"excerpt":{"rendered":"<p>Suchst du ein passendes Geschenk? Ein COCUMA Gutschein kannst du im Webshop einl\u00f6sen und gilt f\u00fcr Produkte und Kurse.\u00a0<\/p>\n","protected":false},"featured_media":572,"template":"","meta":{"inline_featured_image":false},"product_brand":[],"product_cat":[74],"product_tag":[],"class_list":{"0":"post-2198","1":"product","2":"type-product","3":"status-publish","4":"has-post-thumbnail","6":"product_cat-gutscheine","7":"product_shipping_class-gutschein","9":"first","10":"instock","11":"purchasable","12":"product-type-pw-gift-card","13":"has-default-attributes"},"yoast_head":"<!-- This site is optimized with the Yoast SEO plugin v27.4 - https:\/\/yoast.com\/product\/yoast-seo-wordpress\/ -->\n<title>Gutscheine - Cocuma<\/title>\n<meta name=\"description\" content=\"COCUMA Gutschein. Suchst du ein passendes Geschenk f\u00fcr deinen Freund oder deine Freundin? COCUMA Gutscheine k\u00f6nnen f\u00fcr Produkte und Kurse eingel\u00f6st werden.\" \/>\n<meta name=\"robots\" content=\"index, follow, max-snippet:-1, max-image-preview:large, max-video-preview:-1\" \/>\n<link rel=\"canonical\" href=\"https:\/\/cocuma.ch\/de\/produkt\/gutscheine\/\" \/>\n<meta property=\"og:locale\" content=\"de_DE\" \/>\n<meta property=\"og:type\" content=\"article\" \/>\n<meta property=\"og:title\" content=\"Gutscheine - Cocuma\" \/>\n<meta property=\"og:description\" content=\"COCUMA Gutschein. Suchst du ein passendes Geschenk f\u00fcr deinen Freund oder deine Freundin? COCUMA Gutscheine k\u00f6nnen f\u00fcr Produkte und Kurse eingel\u00f6st werden.\" \/>\n<meta property=\"og:url\" content=\"https:\/\/cocuma.ch\/de\/produkt\/gutscheine\/\" \/>\n<meta property=\"og:site_name\" content=\"Cocuma\" \/>\n<meta property=\"article:modified_time\" content=\"2025-01-29T10:19:33+00:00\" \/>\n<meta property=\"og:image\" content=\"https:\/\/cocuma.ch\/wp-content\/uploads\/2024\/01\/Kurse-Shop_01.jpg\" \/>\n\t<meta property=\"og:image:width\" content=\"1600\" \/>\n\t<meta property=\"og:image:height\" content=\"1600\" \/>\n\t<meta property=\"og:image:type\" content=\"image\/jpeg\" \/>\n<meta name=\"twitter:card\" content=\"summary_large_image\" \/>\n<meta name=\"twitter:label1\" content=\"Gesch\u00e4tzte Lesezeit\" \/>\n\t<meta name=\"twitter:data1\" content=\"1\u00a0Minute\" \/>\n<script type=\"application\/ld+json\" class=\"yoast-schema-graph\">{\"@context\":\"https:\\\/\\\/schema.org\",\"@graph\":[{\"@type\":\"WebPage\",\"@id\":\"https:\\\/\\\/cocuma.ch\\\/de\\\/produkt\\\/gutscheine\\\/\",\"url\":\"https:\\\/\\\/cocuma.ch\\\/de\\\/produkt\\\/gutscheine\\\/\",\"name\":\"Gutscheine - Cocuma\",\"isPartOf\":{\"@id\":\"https:\\\/\\\/cocuma.ch\\\/de\\\/#website\"},\"primaryImageOfPage\":{\"@id\":\"https:\\\/\\\/cocuma.ch\\\/de\\\/produkt\\\/gutscheine\\\/#primaryimage\"},\"image\":{\"@id\":\"https:\\\/\\\/cocuma.ch\\\/de\\\/produkt\\\/gutscheine\\\/#primaryimage\"},\"thumbnailUrl\":\"https:\\\/\\\/cocuma.ch\\\/wp-content\\\/uploads\\\/2024\\\/01\\\/Kurse-Shop_01.jpg\",\"datePublished\":\"2024-03-05T13:18:25+00:00\",\"dateModified\":\"2025-01-29T10:19:33+00:00\",\"description\":\"COCUMA Gutschein. Suchst du ein passendes Geschenk f\u00fcr deinen Freund oder deine Freundin? COCUMA Gutscheine k\u00f6nnen f\u00fcr Produkte und Kurse eingel\u00f6st werden.\",\"breadcrumb\":{\"@id\":\"https:\\\/\\\/cocuma.ch\\\/de\\\/produkt\\\/gutscheine\\\/#breadcrumb\"},\"inLanguage\":\"de\",\"potentialAction\":[{\"@type\":\"ReadAction\",\"target\":[\"https:\\\/\\\/cocuma.ch\\\/de\\\/produkt\\\/gutscheine\\\/\"]}]},{\"@type\":\"ImageObject\",\"inLanguage\":\"de\",\"@id\":\"https:\\\/\\\/cocuma.ch\\\/de\\\/produkt\\\/gutscheine\\\/#primaryimage\",\"url\":\"https:\\\/\\\/cocuma.ch\\\/wp-content\\\/uploads\\\/2024\\\/01\\\/Kurse-Shop_01.jpg\",\"contentUrl\":\"https:\\\/\\\/cocuma.ch\\\/wp-content\\\/uploads\\\/2024\\\/01\\\/Kurse-Shop_01.jpg\",\"width\":1600,\"height\":1600,\"caption\":\"Barista Crashkurse in der Cocuma Lounge oder \u00e0 Domicil\"},{\"@type\":\"BreadcrumbList\",\"@id\":\"https:\\\/\\\/cocuma.ch\\\/de\\\/produkt\\\/gutscheine\\\/#breadcrumb\",\"itemListElement\":[{\"@type\":\"ListItem\",\"position\":1,\"name\":\"Startseite\",\"item\":\"https:\\\/\\\/cocuma.ch\\\/de\\\/\"},{\"@type\":\"ListItem\",\"position\":2,\"name\":\"Shop\",\"item\":\"https:\\\/\\\/cocuma.ch\\\/de\\\/shop\\\/\"},{\"@type\":\"ListItem\",\"position\":3,\"name\":\"Gutscheine\"}]},{\"@type\":\"WebSite\",\"@id\":\"https:\\\/\\\/cocuma.ch\\\/de\\\/#website\",\"url\":\"https:\\\/\\\/cocuma.ch\\\/de\\\/\",\"name\":\"Cocuma Caff\u00e8\",\"description\":\"BEANS ON FIRE\",\"publisher\":{\"@id\":\"https:\\\/\\\/cocuma.ch\\\/de\\\/#organization\"},\"alternateName\":\"Cocuma Kaffeegenuss \\\/ Cocuma plaisir du caf\u00e9\",\"potentialAction\":[{\"@type\":\"SearchAction\",\"target\":{\"@type\":\"EntryPoint\",\"urlTemplate\":\"https:\\\/\\\/cocuma.ch\\\/de\\\/?s={search_term_string}\"},\"query-input\":{\"@type\":\"PropertyValueSpecification\",\"valueRequired\":true,\"valueName\":\"search_term_string\"}}],\"inLanguage\":\"de\"},{\"@type\":\"Organization\",\"@id\":\"https:\\\/\\\/cocuma.ch\\\/de\\\/#organization\",\"name\":\"Cocuma AG\",\"url\":\"https:\\\/\\\/cocuma.ch\\\/de\\\/\",\"logo\":{\"@type\":\"ImageObject\",\"inLanguage\":\"de\",\"@id\":\"https:\\\/\\\/cocuma.ch\\\/de\\\/#\\\/schema\\\/logo\\\/image\\\/\",\"url\":\"https:\\\/\\\/cocuma.ch\\\/wp-content\\\/uploads\\\/2024\\\/01\\\/Cocuma_Logo_Beans_cmyk.svg\",\"contentUrl\":\"https:\\\/\\\/cocuma.ch\\\/wp-content\\\/uploads\\\/2024\\\/01\\\/Cocuma_Logo_Beans_cmyk.svg\",\"width\":406,\"height\":135,\"caption\":\"Cocuma AG\"},\"image\":{\"@id\":\"https:\\\/\\\/cocuma.ch\\\/de\\\/#\\\/schema\\\/logo\\\/image\\\/\"},\"sameAs\":[\"https:\\\/\\\/www.instagram.com\\\/cocuma_caffe\\\/\",\"https:\\\/\\\/www.linkedin.com\\\/company\\\/cocuma-ag\\\/\"]}]}<\/script>\n<!-- \/ Yoast SEO plugin. -->","yoast_head_json":{"title":"Gutscheine - Cocuma","description":"COCUMA Gutschein. Suchst du ein passendes Geschenk f\u00fcr deinen Freund oder deine Freundin? COCUMA Gutscheine k\u00f6nnen f\u00fcr Produkte und Kurse eingel\u00f6st werden.","robots":{"index":"index","follow":"follow","max-snippet":"max-snippet:-1","max-image-preview":"max-image-preview:large","max-video-preview":"max-video-preview:-1"},"canonical":"https:\/\/cocuma.ch\/de\/produkt\/gutscheine\/","og_locale":"de_DE","og_type":"article","og_title":"Gutscheine - Cocuma","og_description":"COCUMA Gutschein. Suchst du ein passendes Geschenk f\u00fcr deinen Freund oder deine Freundin? COCUMA Gutscheine k\u00f6nnen f\u00fcr Produkte und Kurse eingel\u00f6st werden.","og_url":"https:\/\/cocuma.ch\/de\/produkt\/gutscheine\/","og_site_name":"Cocuma","article_modified_time":"2025-01-29T10:19:33+00:00","og_image":[{"width":1600,"height":1600,"url":"https:\/\/cocuma.ch\/wp-content\/uploads\/2024\/01\/Kurse-Shop_01.jpg","type":"image\/jpeg"}],"twitter_card":"summary_large_image","twitter_misc":{"Gesch\u00e4tzte Lesezeit":"1\u00a0Minute"},"schema":{"@context":"https:\/\/schema.org","@graph":[{"@type":"WebPage","@id":"https:\/\/cocuma.ch\/de\/produkt\/gutscheine\/","url":"https:\/\/cocuma.ch\/de\/produkt\/gutscheine\/","name":"Gutscheine - Cocuma","isPartOf":{"@id":"https:\/\/cocuma.ch\/de\/#website"},"primaryImageOfPage":{"@id":"https:\/\/cocuma.ch\/de\/produkt\/gutscheine\/#primaryimage"},"image":{"@id":"https:\/\/cocuma.ch\/de\/produkt\/gutscheine\/#primaryimage"},"thumbnailUrl":"https:\/\/cocuma.ch\/wp-content\/uploads\/2024\/01\/Kurse-Shop_01.jpg","datePublished":"2024-03-05T13:18:25+00:00","dateModified":"2025-01-29T10:19:33+00:00","description":"COCUMA Gutschein. Suchst du ein passendes Geschenk f\u00fcr deinen Freund oder deine Freundin? COCUMA Gutscheine k\u00f6nnen f\u00fcr Produkte und Kurse eingel\u00f6st werden.","breadcrumb":{"@id":"https:\/\/cocuma.ch\/de\/produkt\/gutscheine\/#breadcrumb"},"inLanguage":"de","potentialAction":[{"@type":"ReadAction","target":["https:\/\/cocuma.ch\/de\/produkt\/gutscheine\/"]}]},{"@type":"ImageObject","inLanguage":"de","@id":"https:\/\/cocuma.ch\/de\/produkt\/gutscheine\/#primaryimage","url":"https:\/\/cocuma.ch\/wp-content\/uploads\/2024\/01\/Kurse-Shop_01.jpg","contentUrl":"https:\/\/cocuma.ch\/wp-content\/uploads\/2024\/01\/Kurse-Shop_01.jpg","width":1600,"height":1600,"caption":"Barista Crashkurse in der Cocuma Lounge oder \u00e0 Domicil"},{"@type":"BreadcrumbList","@id":"https:\/\/cocuma.ch\/de\/produkt\/gutscheine\/#breadcrumb","itemListElement":[{"@type":"ListItem","position":1,"name":"Startseite","item":"https:\/\/cocuma.ch\/de\/"},{"@type":"ListItem","position":2,"name":"Shop","item":"https:\/\/cocuma.ch\/de\/shop\/"},{"@type":"ListItem","position":3,"name":"Gutscheine"}]},{"@type":"WebSite","@id":"https:\/\/cocuma.ch\/de\/#website","url":"https:\/\/cocuma.ch\/de\/","name":"Cocuma Caff\u00e8","description":"BEANS ON FIRE","publisher":{"@id":"https:\/\/cocuma.ch\/de\/#organization"},"alternateName":"Cocuma Kaffeegenuss \/ Cocuma plaisir du caf\u00e9","potentialAction":[{"@type":"SearchAction","target":{"@type":"EntryPoint","urlTemplate":"https:\/\/cocuma.ch\/de\/?s={search_term_string}"},"query-input":{"@type":"PropertyValueSpecification","valueRequired":true,"valueName":"search_term_string"}}],"inLanguage":"de"},{"@type":"Organization","@id":"https:\/\/cocuma.ch\/de\/#organization","name":"Cocuma AG","url":"https:\/\/cocuma.ch\/de\/","logo":{"@type":"ImageObject","inLanguage":"de","@id":"https:\/\/cocuma.ch\/de\/#\/schema\/logo\/image\/","url":"https:\/\/cocuma.ch\/wp-content\/uploads\/2024\/01\/Cocuma_Logo_Beans_cmyk.svg","contentUrl":"https:\/\/cocuma.ch\/wp-content\/uploads\/2024\/01\/Cocuma_Logo_Beans_cmyk.svg","width":406,"height":135,"caption":"Cocuma AG"},"image":{"@id":"https:\/\/cocuma.ch\/de\/#\/schema\/logo\/image\/"},"sameAs":["https:\/\/www.instagram.com\/cocuma_caffe\/","https:\/\/www.linkedin.com\/company\/cocuma-ag\/"]}]}},"_links":{"self":[{"href":"https:\/\/cocuma.ch\/de\/wp-json\/wp\/v2\/product\/2198","targetHints":{"allow":["GET"]}}],"collection":[{"href":"https:\/\/cocuma.ch\/de\/wp-json\/wp\/v2\/product"}],"about":[{"href":"https:\/\/cocuma.ch\/de\/wp-json\/wp\/v2\/types\/product"}],"wp:featuredmedia":[{"embeddable":true,"href":"https:\/\/cocuma.ch\/de\/wp-json\/wp\/v2\/media\/572"}],"wp:attachment":[{"href":"https:\/\/cocuma.ch\/de\/wp-json\/wp\/v2\/media?parent=2198"}],"wp:term":[{"taxonomy":"product_brand","embeddable":true,"href":"https:\/\/cocuma.ch\/de\/wp-json\/wp\/v2\/product_brand?post=2198"},{"taxonomy":"product_cat","embeddable":true,"href":"https:\/\/cocuma.ch\/de\/wp-json\/wp\/v2\/product_cat?post=2198"},{"taxonomy":"product_tag","embeddable":true,"href":"https:\/\/cocuma.ch\/de\/wp-json\/wp\/v2\/product_tag?post=2198"}],"curies":[{"name":"wp","href":"https:\/\/api.w.org\/{rel}","templated":true}]}}