{"id":1327,"date":"2024-01-23T15:36:51","date_gmt":"2024-01-23T14:36:51","guid":{"rendered":"https:\/\/cocuma.ch\/conditions-generales-de-vente\/"},"modified":"2025-01-05T10:50:41","modified_gmt":"2025-01-05T09:50:41","slug":"conditions-generales-de-vente","status":"publish","type":"page","link":"https:\/\/cocuma.ch\/fr\/conditions-generales-de-vente\/","title":{"rendered":"CGV"},"content":{"rendered":"<h3><strong>Conditions g\u00e9n\u00e9rales de vente<\/strong><\/h3>\n<p>Pour une meilleure lisibilit\u00e9, nous renon\u00e7ons \u00e0 la formulation au f\u00e9minin. Et utilisent exclusivement la forme masculine. Ces termes s&rsquo;appliquent toujours aux deux sexes.<\/p>\n<p><strong>Objet du contrat, domaine d&rsquo;application<\/strong><br \/>Cocuma AG (ci-apr\u00e8s Cocuma) vend aux clients les marchandises sp\u00e9cifi\u00e9es dans la boutique en ligne aux conditions de livraison et de vente (CGV) mentionn\u00e9es ci-dessous.<\/p>\n<p><strong>Conclusion du contrat<\/strong><br \/>En commandant du caf\u00e9 ou d&rsquo;autres produits et services, le client accepte les conditions g\u00e9n\u00e9rales de vente (ci-apr\u00e8s CGV).<\/p>\n<p><strong>Paiement anticip\u00e9 ou retrait<\/strong><br \/>Les clients ont la possibilit\u00e9 de commander la marchandise avec paiement anticip\u00e9 ou de venir la chercher sur place chez Cocuma AG, L\u00e4ngfeldweg 110 \u00e0 2504 Bienne et de la payer sur place, ce qui permet d&rsquo;\u00e9viter les frais de port.<\/p>\n<p><strong>Conditions de livraison<\/strong><br \/>Cocuma livre en Suisse et dans la Principaut\u00e9 de Liechtenstein. Cocuma ne livre pas \u00e0 l&rsquo;\u00e9tranger. Sauf mention contraire, le d\u00e9lai de livraison est de 2 \u00e0 4 jours ouvrables. La livraison se fait par la poste. Si les clients ne sont pas chez eux au moment de la livraison, le colis est d\u00e9pos\u00e9 devant leur porte. La livraison se fait aux frais et sous la responsabilit\u00e9 du client.<\/p>\n<p><strong>Frais de port<\/strong><br \/>Nous renon\u00e7ons aux frais de port \u00e0 partir de 100 CHF d&rsquo;achat. Jusqu&rsquo;\u00e0 100 CHF, les frais d&rsquo;envoi s&rsquo;\u00e9l\u00e8vent \u00e0 un montant forfaitaire de 10 CHF par livraison.<\/p>\n<p><strong>Droit de retour<\/strong><br \/>Les erreurs de livraison peuvent \u00eatre renvoy\u00e9es et rembours\u00e9es. Le d\u00e9lai de retour est de 10 jours. Pour des raisons d&rsquo;hygi\u00e8ne, nous ne pouvons ni reprendre ni rembourser les produits command\u00e9s par erreur et qui ont d\u00e9j\u00e0 \u00e9t\u00e9 ouverts. En cas de d\u00e9fauts sur la marchandise livr\u00e9e, les clients ont l&rsquo;obligation de signaler les d\u00e9fauts par \u00e9crit dans les 8 jours suivant la r\u00e9ception de la livraison. Apr\u00e8s avoir renvoy\u00e9 la marchandise d\u00e9fectueuse, les clients re\u00e7oivent une livraison de remplacement. Si, pour une raison quelconque, cela n&rsquo;est pas possible, les frais factur\u00e9s pour la marchandise seront rembours\u00e9s. Les modifications de l&rsquo;aspect ext\u00e9rieur du produit ne constituent pas un d\u00e9faut.<\/p>\n<p><strong>Conditions de paiement<\/strong><br \/>Les clients ont le choix entre les modes de paiement suivants : Paiement en esp\u00e8ces sur place, paiement anticip\u00e9 par les moyens de paiement disponibles dans la boutique en ligne.<\/p>\n<p><strong>Prix<\/strong><br \/>Les prix dans la boutique en ligne peuvent \u00eatre modifi\u00e9s sans notification. Ils sont toujours exprim\u00e9s en francs suisses (CHF) et incluent les frais de port. La TVA est indiqu\u00e9e.<\/p>\n<p><em>Pour les clients professionnels :<\/em><br \/>Le paiement doit \u00eatre effectu\u00e9 dans les 30 jours suivant l&rsquo;\u00e9mission de la facture. Pass\u00e9 ce d\u00e9lai, les frais de rappel sont factur\u00e9s au d\u00e9biteur : Nous pr\u00e9levons 10 CHF de frais pour le premier rappel et 20 CHF \u00e0 partir du deuxi\u00e8me rappel. En outre, conform\u00e9ment \u00e0 l&rsquo;art. Art. 104 al. 1 CO, un int\u00e9r\u00eat moratoire de 10% peut \u00eatre r\u00e9clam\u00e9. Cocuma se r\u00e9serve le droit d&rsquo;exiger un paiement anticip\u00e9.<\/p>\n<p><em>R\u00e9serve de propri\u00e9t\u00e9 :<\/em><br \/>Les marchandises livr\u00e9es restent la propri\u00e9t\u00e9 de Cocuma jusqu&rsquo;\u00e0 leur paiement int\u00e9gral. Celle-ci est autoris\u00e9e \u00e0 proc\u00e9der \u00e0 une inscription correspondante dans le registre des r\u00e9serves de propri\u00e9t\u00e9. Si le client est en retard dans le paiement du prix d&rsquo;achat, Cocuma est en droit, apr\u00e8s un rappel de paiement\/une mise en demeure, de se retirer du contrat (d\u00e9claration de r\u00e9siliation) et de prendre possession de la marchandise.<\/p>\n<p><strong>Cours \/ \u00e9v\u00e9nements d&rsquo;\u00e9quipe<\/strong><br \/>L&rsquo;inscription se fait par e-mail, t\u00e9l\u00e9phone ou en personne sur place et est consid\u00e9r\u00e9e comme obligatoire. Les frais doivent \u00eatre r\u00e9gl\u00e9s au plus tard 3 jours avant la r\u00e9alisation. En cas d&#8217;emp\u00eachement, les clients peuvent annuler leur inscription ou changer de cours par \u00e9crit ou oralement. En cas d&rsquo;annulation pour cause de force majeure (accident, maladie, etc.), une confirmation doit \u00eatre envoy\u00e9e afin que le cours\/l&rsquo;\u00e9v\u00e9nement puisse \u00eatre rattrap\u00e9 \u00e0 une autre date. Les r\u00e8gles suivantes s&rsquo;appliquent \u00e0 toutes les autres annulations :<\/p>\n<p>&gt; 14 jours avant l&rsquo;\u00e9v\u00e9nement : remboursement int\u00e9gral<br \/>&lt; 14 jours : remboursement de 25%<br \/>&lt; 3 jours : aucun remboursement.<\/p>\n<p>Les cours ne sont organis\u00e9s que si le nombre de participants est suffisant.<\/p>\n<p><strong>Protection des donn\u00e9es<\/strong><br \/>Les informations personnelles fournies par les clients sont trait\u00e9es de mani\u00e8re strictement confidentielle et ne sont utilis\u00e9es que par Cocuma. Cocuma utilise une technologie de s\u00e9curit\u00e9 pour prot\u00e9ger les donn\u00e9es des clients contre tout traitement non autoris\u00e9. Aucune responsabilit\u00e9 ne peut \u00eatre assum\u00e9e pour la s\u00e9curit\u00e9 des donn\u00e9es transmises sur Internet. La transmission des donn\u00e9es n&rsquo;est pas crypt\u00e9e.<\/p>\n<p><strong>Juridiction et droit applicable<\/strong><br \/>Les pr\u00e9sentes CGU et les contrats conclus sur la base de ces CGU sont r\u00e9gis par le droit suisse. Le tribunal comp\u00e9tent est celui du si\u00e8ge de Cocuma SA, Chemin du Long-Champ 110, 2504 Bienne.<\/p>\n<p>Bienne, le 19 septembre 2023<\/p>\n","protected":false},"excerpt":{"rendered":"<p>Conditions g\u00e9n\u00e9rales de vente Pour une meilleure lisibilit\u00e9, nous renon\u00e7ons \u00e0 la formulation au f\u00e9minin. Et utilisent exclusivement la forme masculine. Ces termes s&rsquo;appliquent toujours aux deux sexes. Objet du&#8230;<\/p>\n","protected":false},"author":2,"featured_media":0,"parent":0,"menu_order":0,"comment_status":"closed","ping_status":"closed","template":"","meta":{"inline_featured_image":false,"footnotes":""},"class_list":["post-1327","page","type-page","status-publish"],"yoast_head":"<!-- This site is optimized with the Yoast SEO plugin v27.4 - https:\/\/yoast.com\/product\/yoast-seo-wordpress\/ -->\n<title>CGV - Cocuma Caff\u00e8<\/title>\n<meta name=\"description\" content=\"Cocuma AGB&#039;s (Conditions g\u00e9n\u00e9rales)\" \/>\n<meta name=\"robots\" content=\"index, follow, max-snippet:-1, max-image-preview:large, max-video-preview:-1\" \/>\n<link rel=\"canonical\" href=\"https:\/\/cocuma.ch\/fr\/conditions-generales-de-vente\/\" \/>\n<meta property=\"og:locale\" content=\"fr_FR\" \/>\n<meta property=\"og:type\" content=\"article\" \/>\n<meta property=\"og:title\" content=\"CGV - Cocuma Caff\u00e8\" \/>\n<meta property=\"og:description\" content=\"Cocuma AGB&#039;s (Conditions g\u00e9n\u00e9rales)\" \/>\n<meta property=\"og:url\" content=\"https:\/\/cocuma.ch\/fr\/conditions-generales-de-vente\/\" \/>\n<meta property=\"og:site_name\" content=\"Cocuma Caff\u00e8\" \/>\n<meta property=\"article:modified_time\" content=\"2025-01-05T09:50:41+00:00\" \/>\n<meta property=\"og:image\" content=\"https:\/\/cocuma.ch\/wp-content\/uploads\/2024\/03\/fallback_1200x675.jpg\" \/>\n\t<meta property=\"og:image:width\" content=\"1200\" \/>\n\t<meta property=\"og:image:height\" content=\"675\" \/>\n\t<meta property=\"og:image:type\" content=\"image\/jpeg\" \/>\n<meta name=\"twitter:card\" content=\"summary_large_image\" \/>\n<meta name=\"twitter:label1\" content=\"Dur\u00e9e de lecture estim\u00e9e\" \/>\n\t<meta name=\"twitter:data1\" content=\"5 minutes\" \/>\n<script type=\"application\/ld+json\" class=\"yoast-schema-graph\">{\"@context\":\"https:\\\/\\\/schema.org\",\"@graph\":[{\"@type\":\"WebPage\",\"@id\":\"https:\\\/\\\/cocuma.ch\\\/fr\\\/conditions-generales-de-vente\\\/\",\"url\":\"https:\\\/\\\/cocuma.ch\\\/fr\\\/conditions-generales-de-vente\\\/\",\"name\":\"CGV - Cocuma Caff\u00e8\",\"isPartOf\":{\"@id\":\"https:\\\/\\\/cocuma.ch\\\/fr\\\/#website\"},\"datePublished\":\"2024-01-23T14:36:51+00:00\",\"dateModified\":\"2025-01-05T09:50:41+00:00\",\"description\":\"Cocuma AGB's (Conditions g\u00e9n\u00e9rales)\",\"breadcrumb\":{\"@id\":\"https:\\\/\\\/cocuma.ch\\\/fr\\\/conditions-generales-de-vente\\\/#breadcrumb\"},\"inLanguage\":\"fr-FR\",\"potentialAction\":[{\"@type\":\"ReadAction\",\"target\":[\"https:\\\/\\\/cocuma.ch\\\/fr\\\/conditions-generales-de-vente\\\/\"]}]},{\"@type\":\"BreadcrumbList\",\"@id\":\"https:\\\/\\\/cocuma.ch\\\/fr\\\/conditions-generales-de-vente\\\/#breadcrumb\",\"itemListElement\":[{\"@type\":\"ListItem\",\"position\":1,\"name\":\"Startseite\",\"item\":\"https:\\\/\\\/cocuma.ch\\\/fr\\\/accueil\\\/\"},{\"@type\":\"ListItem\",\"position\":2,\"name\":\"CGV\"}]},{\"@type\":\"WebSite\",\"@id\":\"https:\\\/\\\/cocuma.ch\\\/fr\\\/#website\",\"url\":\"https:\\\/\\\/cocuma.ch\\\/fr\\\/\",\"name\":\"Cocuma Caff\u00e8\",\"description\":\"la cultura del buon caff\u00e8\",\"publisher\":{\"@id\":\"https:\\\/\\\/cocuma.ch\\\/fr\\\/#organization\"},\"alternateName\":\"Cocuma Kaffeegenuss \\\/ Cocuma plaisir du caf\u00e9\",\"potentialAction\":[{\"@type\":\"SearchAction\",\"target\":{\"@type\":\"EntryPoint\",\"urlTemplate\":\"https:\\\/\\\/cocuma.ch\\\/fr\\\/?s={search_term_string}\"},\"query-input\":{\"@type\":\"PropertyValueSpecification\",\"valueRequired\":true,\"valueName\":\"search_term_string\"}}],\"inLanguage\":\"fr-FR\"},{\"@type\":\"Organization\",\"@id\":\"https:\\\/\\\/cocuma.ch\\\/fr\\\/#organization\",\"name\":\"Cocuma AG\",\"url\":\"https:\\\/\\\/cocuma.ch\\\/fr\\\/\",\"logo\":{\"@type\":\"ImageObject\",\"inLanguage\":\"fr-FR\",\"@id\":\"https:\\\/\\\/cocuma.ch\\\/fr\\\/#\\\/schema\\\/logo\\\/image\\\/\",\"url\":\"https:\\\/\\\/cocuma.ch\\\/wp-content\\\/uploads\\\/2024\\\/01\\\/Cocuma_Logo_Beans_cmyk.svg\",\"contentUrl\":\"https:\\\/\\\/cocuma.ch\\\/wp-content\\\/uploads\\\/2024\\\/01\\\/Cocuma_Logo_Beans_cmyk.svg\",\"width\":406,\"height\":135,\"caption\":\"Cocuma AG\"},\"image\":{\"@id\":\"https:\\\/\\\/cocuma.ch\\\/fr\\\/#\\\/schema\\\/logo\\\/image\\\/\"},\"sameAs\":[\"https:\\\/\\\/www.instagram.com\\\/cocuma_caffe\\\/\",\"https:\\\/\\\/www.linkedin.com\\\/company\\\/cocuma-ag\\\/\"]}]}<\/script>\n<!-- \/ Yoast SEO plugin. -->","yoast_head_json":{"title":"CGV - Cocuma Caff\u00e8","description":"Cocuma AGB's (Conditions g\u00e9n\u00e9rales)","robots":{"index":"index","follow":"follow","max-snippet":"max-snippet:-1","max-image-preview":"max-image-preview:large","max-video-preview":"max-video-preview:-1"},"canonical":"https:\/\/cocuma.ch\/fr\/conditions-generales-de-vente\/","og_locale":"fr_FR","og_type":"article","og_title":"CGV - Cocuma Caff\u00e8","og_description":"Cocuma AGB's (Conditions g\u00e9n\u00e9rales)","og_url":"https:\/\/cocuma.ch\/fr\/conditions-generales-de-vente\/","og_site_name":"Cocuma Caff\u00e8","article_modified_time":"2025-01-05T09:50:41+00:00","og_image":[{"width":1200,"height":675,"url":"https:\/\/cocuma.ch\/wp-content\/uploads\/2024\/03\/fallback_1200x675.jpg","type":"image\/jpeg"}],"twitter_card":"summary_large_image","twitter_misc":{"Dur\u00e9e de lecture estim\u00e9e":"5 minutes"},"schema":{"@context":"https:\/\/schema.org","@graph":[{"@type":"WebPage","@id":"https:\/\/cocuma.ch\/fr\/conditions-generales-de-vente\/","url":"https:\/\/cocuma.ch\/fr\/conditions-generales-de-vente\/","name":"CGV - Cocuma Caff\u00e8","isPartOf":{"@id":"https:\/\/cocuma.ch\/fr\/#website"},"datePublished":"2024-01-23T14:36:51+00:00","dateModified":"2025-01-05T09:50:41+00:00","description":"Cocuma AGB's (Conditions g\u00e9n\u00e9rales)","breadcrumb":{"@id":"https:\/\/cocuma.ch\/fr\/conditions-generales-de-vente\/#breadcrumb"},"inLanguage":"fr-FR","potentialAction":[{"@type":"ReadAction","target":["https:\/\/cocuma.ch\/fr\/conditions-generales-de-vente\/"]}]},{"@type":"BreadcrumbList","@id":"https:\/\/cocuma.ch\/fr\/conditions-generales-de-vente\/#breadcrumb","itemListElement":[{"@type":"ListItem","position":1,"name":"Startseite","item":"https:\/\/cocuma.ch\/fr\/accueil\/"},{"@type":"ListItem","position":2,"name":"CGV"}]},{"@type":"WebSite","@id":"https:\/\/cocuma.ch\/fr\/#website","url":"https:\/\/cocuma.ch\/fr\/","name":"Cocuma Caff\u00e8","description":"la cultura del buon caff\u00e8","publisher":{"@id":"https:\/\/cocuma.ch\/fr\/#organization"},"alternateName":"Cocuma Kaffeegenuss \/ Cocuma plaisir du caf\u00e9","potentialAction":[{"@type":"SearchAction","target":{"@type":"EntryPoint","urlTemplate":"https:\/\/cocuma.ch\/fr\/?s={search_term_string}"},"query-input":{"@type":"PropertyValueSpecification","valueRequired":true,"valueName":"search_term_string"}}],"inLanguage":"fr-FR"},{"@type":"Organization","@id":"https:\/\/cocuma.ch\/fr\/#organization","name":"Cocuma AG","url":"https:\/\/cocuma.ch\/fr\/","logo":{"@type":"ImageObject","inLanguage":"fr-FR","@id":"https:\/\/cocuma.ch\/fr\/#\/schema\/logo\/image\/","url":"https:\/\/cocuma.ch\/wp-content\/uploads\/2024\/01\/Cocuma_Logo_Beans_cmyk.svg","contentUrl":"https:\/\/cocuma.ch\/wp-content\/uploads\/2024\/01\/Cocuma_Logo_Beans_cmyk.svg","width":406,"height":135,"caption":"Cocuma AG"},"image":{"@id":"https:\/\/cocuma.ch\/fr\/#\/schema\/logo\/image\/"},"sameAs":["https:\/\/www.instagram.com\/cocuma_caffe\/","https:\/\/www.linkedin.com\/company\/cocuma-ag\/"]}]}},"_links":{"self":[{"href":"https:\/\/cocuma.ch\/fr\/wp-json\/wp\/v2\/pages\/1327","targetHints":{"allow":["GET"]}}],"collection":[{"href":"https:\/\/cocuma.ch\/fr\/wp-json\/wp\/v2\/pages"}],"about":[{"href":"https:\/\/cocuma.ch\/fr\/wp-json\/wp\/v2\/types\/page"}],"author":[{"embeddable":true,"href":"https:\/\/cocuma.ch\/fr\/wp-json\/wp\/v2\/users\/2"}],"replies":[{"embeddable":true,"href":"https:\/\/cocuma.ch\/fr\/wp-json\/wp\/v2\/comments?post=1327"}],"version-history":[{"count":3,"href":"https:\/\/cocuma.ch\/fr\/wp-json\/wp\/v2\/pages\/1327\/revisions"}],"predecessor-version":[{"id":14285,"href":"https:\/\/cocuma.ch\/fr\/wp-json\/wp\/v2\/pages\/1327\/revisions\/14285"}],"wp:attachment":[{"href":"https:\/\/cocuma.ch\/fr\/wp-json\/wp\/v2\/media?parent=1327"}],"curies":[{"name":"wp","href":"https:\/\/api.w.org\/{rel}","templated":true}]}}