{"id":1204,"date":"2024-01-24T09:38:35","date_gmt":"2024-01-24T08:38:35","guid":{"rendered":"https:\/\/cocuma.ch\/produkt\/cours-accelere-de-barista\/"},"modified":"2026-02-18T18:12:52","modified_gmt":"2026-02-18T17:12:52","slug":"cours-accelere-de-barista","status":"publish","type":"product","link":"https:\/\/cocuma.ch\/fr\/produkt\/cours-accelere-de-barista\/","title":{"rendered":"Cours de barista"},"content":{"rendered":"","protected":false},"excerpt":{"rendered":"<p><strong>Cours :<\/strong> Cours acc\u00e9l\u00e9r\u00e9 Barista &amp; LatteArt<br \/><strong>Nombre de participants :<\/strong> 2 &#8211; 4 personnes<br \/><strong>Prix par participant : <\/strong>139 CHF<br \/><strong>Groupe cible :<\/strong> Baristas \u00e0 domicile, d\u00e9butants<br \/><strong>Lieu :<\/strong> Cocuma AG<br \/><strong>R\u00e9alisation :<\/strong> Daniel Bosshard<br \/><strong><br \/>Horaires :<\/strong><br \/>Lundi 18h00 &#8211; 20h00<br \/>Mardi 18h00 &#8211; 20h00<br \/>Samedi 10h00 &#8211; 12h00<\/p>\n<p><a href=\"https:\/\/cocuma.ch\/wp-content\/uploads\/2024\/03\/Barista-Kurs-2.pdf\" target=\"_blank\" rel=\"noopener\">T\u00e9l\u00e9charger le PDF<\/a><\/p>\n<p>Informations sur le cours \u00e0 l&rsquo;adresse :<br \/><a href=\"https:\/\/cocuma.ch\/fr\/cours-et-evenements\/\">Cours et \u00e9v\u00e9nements<\/a><\/p>\n","protected":false},"featured_media":15251,"template":"","meta":{"inline_featured_image":false},"product_brand":[],"product_cat":[134],"product_tag":[471,412],"class_list":{"0":"post-1204","1":"product","2":"type-product","3":"status-publish","4":"has-post-thumbnail","6":"product_cat-cours","7":"product_tag-cours-de-barista","8":"product_tag-latteart-fr","10":"first","11":"instock","12":"taxable","13":"shipping-taxable","14":"purchasable","15":"product-type-variable","16":"has-default-attributes"},"yoast_head":"<!-- This site is optimized with the Yoast SEO plugin v27.4 - https:\/\/yoast.com\/product\/yoast-seo-wordpress\/ -->\n<title>Cours de barista - Cocuma Caff\u00e8<\/title>\n<meta name=\"description\" content=\"Nous proposons des cours afin que ta flamme pour le caf\u00e9 devienne un grand feu. Crash course Barista et LatteArt dans le Cocuma Lounge.\" \/>\n<meta name=\"robots\" content=\"index, follow, max-snippet:-1, max-image-preview:large, max-video-preview:-1\" \/>\n<link rel=\"canonical\" href=\"https:\/\/cocuma.ch\/fr\/produkt\/cours-accelere-de-barista\/\" \/>\n<meta property=\"og:locale\" content=\"fr_FR\" \/>\n<meta property=\"og:type\" content=\"article\" \/>\n<meta property=\"og:title\" content=\"Cours de barista - Cocuma Caff\u00e8\" \/>\n<meta property=\"og:description\" content=\"Nous proposons des cours afin que ta flamme pour le caf\u00e9 devienne un grand feu. Crash course Barista et LatteArt dans le Cocuma Lounge.\" \/>\n<meta property=\"og:url\" content=\"https:\/\/cocuma.ch\/fr\/produkt\/cours-accelere-de-barista\/\" \/>\n<meta property=\"og:site_name\" content=\"Cocuma Caff\u00e8\" \/>\n<meta property=\"article:modified_time\" content=\"2026-02-18T17:12:52+00:00\" \/>\n<meta property=\"og:image\" content=\"https:\/\/cocuma.ch\/wp-content\/uploads\/2025\/11\/Baristakurse.png\" \/>\n\t<meta property=\"og:image:width\" content=\"1080\" \/>\n\t<meta property=\"og:image:height\" content=\"1080\" \/>\n\t<meta property=\"og:image:type\" content=\"image\/png\" \/>\n<meta name=\"twitter:card\" content=\"summary_large_image\" \/>\n<meta name=\"twitter:label1\" content=\"Dur\u00e9e de lecture estim\u00e9e\" \/>\n\t<meta name=\"twitter:data1\" content=\"1 minute\" \/>\n<script type=\"application\/ld+json\" class=\"yoast-schema-graph\">{\"@context\":\"https:\\\/\\\/schema.org\",\"@graph\":[{\"@type\":\"WebPage\",\"@id\":\"https:\\\/\\\/cocuma.ch\\\/fr\\\/produkt\\\/cours-accelere-de-barista\\\/\",\"url\":\"https:\\\/\\\/cocuma.ch\\\/fr\\\/produkt\\\/cours-accelere-de-barista\\\/\",\"name\":\"Cours de barista - Cocuma Caff\u00e8\",\"isPartOf\":{\"@id\":\"https:\\\/\\\/cocuma.ch\\\/fr\\\/#website\"},\"primaryImageOfPage\":{\"@id\":\"https:\\\/\\\/cocuma.ch\\\/fr\\\/produkt\\\/cours-accelere-de-barista\\\/#primaryimage\"},\"image\":{\"@id\":\"https:\\\/\\\/cocuma.ch\\\/fr\\\/produkt\\\/cours-accelere-de-barista\\\/#primaryimage\"},\"thumbnailUrl\":\"https:\\\/\\\/cocuma.ch\\\/wp-content\\\/uploads\\\/2025\\\/11\\\/Baristakurse.png\",\"datePublished\":\"2024-01-24T08:38:35+00:00\",\"dateModified\":\"2026-02-18T17:12:52+00:00\",\"description\":\"Nous proposons des cours afin que ta flamme pour le caf\u00e9 devienne un grand feu. Crash course Barista et LatteArt dans le Cocuma Lounge.\",\"breadcrumb\":{\"@id\":\"https:\\\/\\\/cocuma.ch\\\/fr\\\/produkt\\\/cours-accelere-de-barista\\\/#breadcrumb\"},\"inLanguage\":\"fr-FR\",\"potentialAction\":[{\"@type\":\"ReadAction\",\"target\":[\"https:\\\/\\\/cocuma.ch\\\/fr\\\/produkt\\\/cours-accelere-de-barista\\\/\"]}]},{\"@type\":\"ImageObject\",\"inLanguage\":\"fr-FR\",\"@id\":\"https:\\\/\\\/cocuma.ch\\\/fr\\\/produkt\\\/cours-accelere-de-barista\\\/#primaryimage\",\"url\":\"https:\\\/\\\/cocuma.ch\\\/wp-content\\\/uploads\\\/2025\\\/11\\\/Baristakurse.png\",\"contentUrl\":\"https:\\\/\\\/cocuma.ch\\\/wp-content\\\/uploads\\\/2025\\\/11\\\/Baristakurse.png\",\"width\":1600,\"height\":1600,\"caption\":\"Cours de barista\"},{\"@type\":\"BreadcrumbList\",\"@id\":\"https:\\\/\\\/cocuma.ch\\\/fr\\\/produkt\\\/cours-accelere-de-barista\\\/#breadcrumb\",\"itemListElement\":[{\"@type\":\"ListItem\",\"position\":1,\"name\":\"Startseite\",\"item\":\"https:\\\/\\\/cocuma.ch\\\/fr\\\/accueil\\\/\"},{\"@type\":\"ListItem\",\"position\":2,\"name\":\"Shop\",\"item\":\"https:\\\/\\\/cocuma.ch\\\/de\\\/shop\\\/\"},{\"@type\":\"ListItem\",\"position\":3,\"name\":\"Cours de barista\"}]},{\"@type\":\"WebSite\",\"@id\":\"https:\\\/\\\/cocuma.ch\\\/fr\\\/#website\",\"url\":\"https:\\\/\\\/cocuma.ch\\\/fr\\\/\",\"name\":\"Cocuma Caff\u00e8\",\"description\":\"la cultura del buon caff\u00e8\",\"publisher\":{\"@id\":\"https:\\\/\\\/cocuma.ch\\\/fr\\\/#organization\"},\"alternateName\":\"Cocuma Kaffeegenuss \\\/ Cocuma plaisir du caf\u00e9\",\"potentialAction\":[{\"@type\":\"SearchAction\",\"target\":{\"@type\":\"EntryPoint\",\"urlTemplate\":\"https:\\\/\\\/cocuma.ch\\\/fr\\\/?s={search_term_string}\"},\"query-input\":{\"@type\":\"PropertyValueSpecification\",\"valueRequired\":true,\"valueName\":\"search_term_string\"}}],\"inLanguage\":\"fr-FR\"},{\"@type\":\"Organization\",\"@id\":\"https:\\\/\\\/cocuma.ch\\\/fr\\\/#organization\",\"name\":\"Cocuma AG\",\"url\":\"https:\\\/\\\/cocuma.ch\\\/fr\\\/\",\"logo\":{\"@type\":\"ImageObject\",\"inLanguage\":\"fr-FR\",\"@id\":\"https:\\\/\\\/cocuma.ch\\\/fr\\\/#\\\/schema\\\/logo\\\/image\\\/\",\"url\":\"https:\\\/\\\/cocuma.ch\\\/wp-content\\\/uploads\\\/2024\\\/01\\\/Cocuma_Logo_Beans_cmyk.svg\",\"contentUrl\":\"https:\\\/\\\/cocuma.ch\\\/wp-content\\\/uploads\\\/2024\\\/01\\\/Cocuma_Logo_Beans_cmyk.svg\",\"width\":406,\"height\":135,\"caption\":\"Cocuma AG\"},\"image\":{\"@id\":\"https:\\\/\\\/cocuma.ch\\\/fr\\\/#\\\/schema\\\/logo\\\/image\\\/\"},\"sameAs\":[\"https:\\\/\\\/www.instagram.com\\\/cocuma_caffe\\\/\",\"https:\\\/\\\/www.linkedin.com\\\/company\\\/cocuma-ag\\\/\"]}]}<\/script>\n<!-- \/ Yoast SEO plugin. -->","yoast_head_json":{"title":"Cours de barista - Cocuma Caff\u00e8","description":"Nous proposons des cours afin que ta flamme pour le caf\u00e9 devienne un grand feu. Crash course Barista et LatteArt dans le Cocuma Lounge.","robots":{"index":"index","follow":"follow","max-snippet":"max-snippet:-1","max-image-preview":"max-image-preview:large","max-video-preview":"max-video-preview:-1"},"canonical":"https:\/\/cocuma.ch\/fr\/produkt\/cours-accelere-de-barista\/","og_locale":"fr_FR","og_type":"article","og_title":"Cours de barista - Cocuma Caff\u00e8","og_description":"Nous proposons des cours afin que ta flamme pour le caf\u00e9 devienne un grand feu. Crash course Barista et LatteArt dans le Cocuma Lounge.","og_url":"https:\/\/cocuma.ch\/fr\/produkt\/cours-accelere-de-barista\/","og_site_name":"Cocuma Caff\u00e8","article_modified_time":"2026-02-18T17:12:52+00:00","og_image":[{"url":"https:\/\/cocuma.ch\/wp-content\/uploads\/2025\/11\/Baristakurse.png","width":1080,"height":1080,"type":"image\/png"}],"twitter_card":"summary_large_image","twitter_misc":{"Dur\u00e9e de lecture estim\u00e9e":"1 minute"},"schema":{"@context":"https:\/\/schema.org","@graph":[{"@type":"WebPage","@id":"https:\/\/cocuma.ch\/fr\/produkt\/cours-accelere-de-barista\/","url":"https:\/\/cocuma.ch\/fr\/produkt\/cours-accelere-de-barista\/","name":"Cours de barista - Cocuma Caff\u00e8","isPartOf":{"@id":"https:\/\/cocuma.ch\/fr\/#website"},"primaryImageOfPage":{"@id":"https:\/\/cocuma.ch\/fr\/produkt\/cours-accelere-de-barista\/#primaryimage"},"image":{"@id":"https:\/\/cocuma.ch\/fr\/produkt\/cours-accelere-de-barista\/#primaryimage"},"thumbnailUrl":"https:\/\/cocuma.ch\/wp-content\/uploads\/2025\/11\/Baristakurse.png","datePublished":"2024-01-24T08:38:35+00:00","dateModified":"2026-02-18T17:12:52+00:00","description":"Nous proposons des cours afin que ta flamme pour le caf\u00e9 devienne un grand feu. Crash course Barista et LatteArt dans le Cocuma Lounge.","breadcrumb":{"@id":"https:\/\/cocuma.ch\/fr\/produkt\/cours-accelere-de-barista\/#breadcrumb"},"inLanguage":"fr-FR","potentialAction":[{"@type":"ReadAction","target":["https:\/\/cocuma.ch\/fr\/produkt\/cours-accelere-de-barista\/"]}]},{"@type":"ImageObject","inLanguage":"fr-FR","@id":"https:\/\/cocuma.ch\/fr\/produkt\/cours-accelere-de-barista\/#primaryimage","url":"https:\/\/cocuma.ch\/wp-content\/uploads\/2025\/11\/Baristakurse.png","contentUrl":"https:\/\/cocuma.ch\/wp-content\/uploads\/2025\/11\/Baristakurse.png","width":1600,"height":1600,"caption":"Cours de barista"},{"@type":"BreadcrumbList","@id":"https:\/\/cocuma.ch\/fr\/produkt\/cours-accelere-de-barista\/#breadcrumb","itemListElement":[{"@type":"ListItem","position":1,"name":"Startseite","item":"https:\/\/cocuma.ch\/fr\/accueil\/"},{"@type":"ListItem","position":2,"name":"Shop","item":"https:\/\/cocuma.ch\/de\/shop\/"},{"@type":"ListItem","position":3,"name":"Cours de barista"}]},{"@type":"WebSite","@id":"https:\/\/cocuma.ch\/fr\/#website","url":"https:\/\/cocuma.ch\/fr\/","name":"Cocuma Caff\u00e8","description":"la cultura del buon caff\u00e8","publisher":{"@id":"https:\/\/cocuma.ch\/fr\/#organization"},"alternateName":"Cocuma Kaffeegenuss \/ Cocuma plaisir du caf\u00e9","potentialAction":[{"@type":"SearchAction","target":{"@type":"EntryPoint","urlTemplate":"https:\/\/cocuma.ch\/fr\/?s={search_term_string}"},"query-input":{"@type":"PropertyValueSpecification","valueRequired":true,"valueName":"search_term_string"}}],"inLanguage":"fr-FR"},{"@type":"Organization","@id":"https:\/\/cocuma.ch\/fr\/#organization","name":"Cocuma AG","url":"https:\/\/cocuma.ch\/fr\/","logo":{"@type":"ImageObject","inLanguage":"fr-FR","@id":"https:\/\/cocuma.ch\/fr\/#\/schema\/logo\/image\/","url":"https:\/\/cocuma.ch\/wp-content\/uploads\/2024\/01\/Cocuma_Logo_Beans_cmyk.svg","contentUrl":"https:\/\/cocuma.ch\/wp-content\/uploads\/2024\/01\/Cocuma_Logo_Beans_cmyk.svg","width":406,"height":135,"caption":"Cocuma AG"},"image":{"@id":"https:\/\/cocuma.ch\/fr\/#\/schema\/logo\/image\/"},"sameAs":["https:\/\/www.instagram.com\/cocuma_caffe\/","https:\/\/www.linkedin.com\/company\/cocuma-ag\/"]}]}},"_links":{"self":[{"href":"https:\/\/cocuma.ch\/fr\/wp-json\/wp\/v2\/product\/1204","targetHints":{"allow":["GET"]}}],"collection":[{"href":"https:\/\/cocuma.ch\/fr\/wp-json\/wp\/v2\/product"}],"about":[{"href":"https:\/\/cocuma.ch\/fr\/wp-json\/wp\/v2\/types\/product"}],"wp:featuredmedia":[{"embeddable":true,"href":"https:\/\/cocuma.ch\/fr\/wp-json\/wp\/v2\/media\/15251"}],"wp:attachment":[{"href":"https:\/\/cocuma.ch\/fr\/wp-json\/wp\/v2\/media?parent=1204"}],"wp:term":[{"taxonomy":"product_brand","embeddable":true,"href":"https:\/\/cocuma.ch\/fr\/wp-json\/wp\/v2\/product_brand?post=1204"},{"taxonomy":"product_cat","embeddable":true,"href":"https:\/\/cocuma.ch\/fr\/wp-json\/wp\/v2\/product_cat?post=1204"},{"taxonomy":"product_tag","embeddable":true,"href":"https:\/\/cocuma.ch\/fr\/wp-json\/wp\/v2\/product_tag?post=1204"}],"curies":[{"name":"wp","href":"https:\/\/api.w.org\/{rel}","templated":true}]}}