{"id":1223,"date":"2024-01-24T09:32:17","date_gmt":"2024-01-24T08:32:17","guid":{"rendered":"https:\/\/cocuma.ch\/produkt\/kit-de-decouverte-italian\/"},"modified":"2025-06-01T10:37:14","modified_gmt":"2025-06-01T08:37:14","slug":"kit-de-decouverte-italian","status":"publish","type":"product","link":"https:\/\/cocuma.ch\/fr\/produkt\/kit-de-decouverte-italian\/","title":{"rendered":"Kit de d\u00e9couverte Italian"},"content":{"rendered":"","protected":false},"excerpt":{"rendered":"<hr>\n<h4><strong><br \/>India<\/strong><\/h4>\n<p>100% Canephora (India, SLR 274 et CxR, natural)<\/p>\n<p><img loading=\"lazy\" decoding=\"async\" class=\"alignnone size-full wp-image-891\" src=\"https:\/\/cocuma.ch\/wp-content\/uploads\/2024\/01\/Bohne_D.png\" alt=\"\" width=\"24\" height=\"24\"> <img loading=\"lazy\" decoding=\"async\" class=\"alignnone size-full wp-image-891\" src=\"https:\/\/cocuma.ch\/wp-content\/uploads\/2024\/01\/Bohne_D.png\" alt=\"\" width=\"24\" height=\"24\"> <img loading=\"lazy\" decoding=\"async\" class=\"alignnone size-full wp-image-891\" src=\"https:\/\/cocuma.ch\/wp-content\/uploads\/2024\/01\/Bohne_D.png\" alt=\"\" width=\"24\" height=\"24\"> <img loading=\"lazy\" decoding=\"async\" class=\"alignnone size-full wp-image-891\" src=\"https:\/\/cocuma.ch\/wp-content\/uploads\/2024\/01\/Bohne_D.png\" alt=\"\" width=\"24\" height=\"24\"> <img loading=\"lazy\" decoding=\"async\" class=\"alignnone size-full wp-image-891\" src=\"https:\/\/cocuma.ch\/wp-content\/uploads\/2024\/01\/Bohne_D.png\" alt=\"\" width=\"24\" height=\"24\"> <img loading=\"lazy\" decoding=\"async\" class=\"alignnone size-full wp-image-891\" src=\"https:\/\/cocuma.ch\/wp-content\/uploads\/2024\/01\/Bohne_D.png\" alt=\"\" width=\"24\" height=\"24\"> <img loading=\"lazy\" decoding=\"async\" class=\"alignnone size-full wp-image-891\" src=\"https:\/\/cocuma.ch\/wp-content\/uploads\/2024\/01\/Bohne_D.png\" alt=\"\" width=\"24\" height=\"24\"> <img loading=\"lazy\" decoding=\"async\" class=\"alignnone size-full wp-image-891\" src=\"https:\/\/cocuma.ch\/wp-content\/uploads\/2024\/01\/Bohne_D.png\" alt=\"\" width=\"24\" height=\"24\"> <img loading=\"lazy\" decoding=\"async\" class=\"alignnone size-full wp-image-891\" src=\"https:\/\/cocuma.ch\/wp-content\/uploads\/2024\/01\/Bohne_D.png\" alt=\"\" width=\"24\" height=\"24\"> <img loading=\"lazy\" decoding=\"async\" class=\"alignnone size-full wp-image-892\" src=\"https:\/\/cocuma.ch\/wp-content\/uploads\/2024\/01\/Bohne_H.png\" alt=\"\" width=\"24\" height=\"24\"><\/p>\n<p>Automat | Espresso | Lungo<\/p>\n<hr>\n<h4><strong><br \/>Passione<\/strong><\/h4>\n<p>70% Arabica (Brasil, Mundo Novo, natural)<br \/>30% Canephora (India, Indian Canephora, natural)<\/p>\n<p><img loading=\"lazy\" decoding=\"async\" class=\"alignnone size-full wp-image-891\" src=\"https:\/\/cocuma.ch\/wp-content\/uploads\/2024\/01\/Bohne_D.png\" alt=\"\" width=\"24\" height=\"24\"> <img loading=\"lazy\" decoding=\"async\" class=\"alignnone size-full wp-image-891\" src=\"https:\/\/cocuma.ch\/wp-content\/uploads\/2024\/01\/Bohne_D.png\" alt=\"\" width=\"24\" height=\"24\"> <img loading=\"lazy\" decoding=\"async\" class=\"alignnone size-full wp-image-891\" src=\"https:\/\/cocuma.ch\/wp-content\/uploads\/2024\/01\/Bohne_D.png\" alt=\"\" width=\"24\" height=\"24\"> <img loading=\"lazy\" decoding=\"async\" class=\"alignnone size-full wp-image-891\" src=\"https:\/\/cocuma.ch\/wp-content\/uploads\/2024\/01\/Bohne_D.png\" alt=\"\" width=\"24\" height=\"24\"> <img loading=\"lazy\" decoding=\"async\" class=\"alignnone size-full wp-image-891\" src=\"https:\/\/cocuma.ch\/wp-content\/uploads\/2024\/01\/Bohne_D.png\" alt=\"\" width=\"24\" height=\"24\"> <img loading=\"lazy\" decoding=\"async\" class=\"alignnone size-full wp-image-891\" src=\"https:\/\/cocuma.ch\/wp-content\/uploads\/2024\/01\/Bohne_D.png\" alt=\"\" width=\"24\" height=\"24\"> <img loading=\"lazy\" decoding=\"async\" class=\"alignnone size-full wp-image-891\" src=\"https:\/\/cocuma.ch\/wp-content\/uploads\/2024\/01\/Bohne_D.png\" alt=\"\" width=\"24\" height=\"24\"> <img loading=\"lazy\" decoding=\"async\" class=\"alignnone size-full wp-image-891\" src=\"https:\/\/cocuma.ch\/wp-content\/uploads\/2024\/01\/Bohne_D.png\" alt=\"\" width=\"24\" height=\"24\"> <img loading=\"lazy\" decoding=\"async\" class=\"alignnone size-full wp-image-892\" src=\"https:\/\/cocuma.ch\/wp-content\/uploads\/2024\/01\/Bohne_H.png\" alt=\"\" width=\"24\" height=\"24\"> <img loading=\"lazy\" decoding=\"async\" class=\"alignnone size-full wp-image-892\" src=\"https:\/\/cocuma.ch\/wp-content\/uploads\/2024\/01\/Bohne_H.png\" alt=\"\" width=\"24\" height=\"24\"><\/p>\n<p>Automat | Espresso | Lungo<\/p>\n<hr>\n<h4><strong><br \/>Euforia<\/strong><\/h4>\n<p>40% Arabica (Brasil, Mundo Novo, natural)<br \/>40% Arabica (Colombia, Castillo Naranjal, washed)<br \/>20% Canephora (India, Indian Canephora, natural)<\/p>\n<p><img loading=\"lazy\" decoding=\"async\" class=\"alignnone size-full wp-image-891\" src=\"https:\/\/cocuma.ch\/wp-content\/uploads\/2024\/01\/Bohne_D.png\" alt=\"\" width=\"24\" height=\"24\"> <img loading=\"lazy\" decoding=\"async\" class=\"alignnone size-full wp-image-891\" src=\"https:\/\/cocuma.ch\/wp-content\/uploads\/2024\/01\/Bohne_D.png\" alt=\"\" width=\"24\" height=\"24\"> <img loading=\"lazy\" decoding=\"async\" class=\"alignnone size-full wp-image-891\" src=\"https:\/\/cocuma.ch\/wp-content\/uploads\/2024\/01\/Bohne_D.png\" alt=\"\" width=\"24\" height=\"24\"> <img loading=\"lazy\" decoding=\"async\" class=\"alignnone size-full wp-image-891\" src=\"https:\/\/cocuma.ch\/wp-content\/uploads\/2024\/01\/Bohne_D.png\" alt=\"\" width=\"24\" height=\"24\"> <img loading=\"lazy\" decoding=\"async\" class=\"alignnone size-full wp-image-891\" src=\"https:\/\/cocuma.ch\/wp-content\/uploads\/2024\/01\/Bohne_D.png\" alt=\"\" width=\"24\" height=\"24\"> <img loading=\"lazy\" decoding=\"async\" class=\"alignnone size-full wp-image-891\" src=\"https:\/\/cocuma.ch\/wp-content\/uploads\/2024\/01\/Bohne_D.png\" alt=\"\" width=\"24\" height=\"24\"> <img loading=\"lazy\" decoding=\"async\" class=\"alignnone size-full wp-image-891\" src=\"https:\/\/cocuma.ch\/wp-content\/uploads\/2024\/01\/Bohne_D.png\" alt=\"\" width=\"24\" height=\"24\"> <img loading=\"lazy\" decoding=\"async\" class=\"alignnone size-full wp-image-892\" src=\"https:\/\/cocuma.ch\/wp-content\/uploads\/2024\/01\/Bohne_H.png\" alt=\"\" width=\"24\" height=\"24\"> <img loading=\"lazy\" decoding=\"async\" class=\"alignnone size-full wp-image-892\" src=\"https:\/\/cocuma.ch\/wp-content\/uploads\/2024\/01\/Bohne_H.png\" alt=\"\" width=\"24\" height=\"24\"> <img loading=\"lazy\" decoding=\"async\" class=\"alignnone size-full wp-image-892\" src=\"https:\/\/cocuma.ch\/wp-content\/uploads\/2024\/01\/Bohne_H.png\" alt=\"\" width=\"24\" height=\"24\"><\/p>\n<p>Espresso | Lungo | Cappuccino<\/p>\n<hr>\n<p>Informations sur les grains verts sur :<br \/><a href=\"https:\/\/cocuma.ch\/fr\/direct-fair\/\">Direct &amp; fair<\/a><\/p>\n<p><a href=\"https:\/\/cocuma.ch\/fr\/torrefaction-en-bois\/\"><img loading=\"lazy\" decoding=\"async\" class=\"alignnone wp-image-893\" src=\"https:\/\/cocuma.ch\/wp-content\/uploads\/2024\/01\/wood-roasted.png\" alt=\"\" width=\"70\" height=\"70\" srcset=\"https:\/\/cocuma.ch\/wp-content\/uploads\/2024\/01\/wood-roasted.png 150w, https:\/\/cocuma.ch\/wp-content\/uploads\/2024\/01\/wood-roasted-140x140.png 140w, https:\/\/cocuma.ch\/wp-content\/uploads\/2024\/01\/wood-roasted-100x100.png 100w\" sizes=\"auto, (max-width: 70px) 100vw, 70px\" \/><\/a><\/p>\n","protected":false},"featured_media":15245,"template":"","meta":{"inline_featured_image":false},"product_brand":[],"product_cat":[137,138,129,139,133,140],"product_tag":[491,417],"class_list":{"0":"post-1223","1":"product","2":"type-product","3":"status-publish","4":"has-post-thumbnail","6":"product_cat-automate","7":"product_cat-cappuccino-fr","8":"product_cat-dark-7-10-fr","9":"product_cat-espresso-fr","10":"product_cat-kit-de-decouverte","11":"product_cat-lungo-fr","12":"product_tag-kit-de-decouverte","13":"product_tag-offre-de-cafe","14":"has-subscription-plans","16":"first","17":"instock","18":"taxable","19":"shipping-taxable","20":"purchasable","21":"product-type-variable"},"yoast_head":"<!-- This site is optimized with the Yoast SEO plugin v27.4 - https:\/\/yoast.com\/product\/yoast-seo-wordpress\/ -->\n<title>Kit de d\u00e9couverte Italian - Cocuma Caff\u00e8<\/title>\n<meta name=\"description\" content=\"Kit de d\u00e9couverte Cocuma Italie : 1x India (100% Canephora), 1x Passione (70% Arabica, 30% Canephora), 1x Euforia (80% Arabica, 20% Canephora)\" \/>\n<meta name=\"robots\" content=\"index, follow, max-snippet:-1, max-image-preview:large, max-video-preview:-1\" \/>\n<link rel=\"canonical\" href=\"https:\/\/cocuma.ch\/fr\/produkt\/kit-de-decouverte-italian\/\" \/>\n<meta property=\"og:locale\" content=\"fr_FR\" \/>\n<meta property=\"og:type\" content=\"article\" \/>\n<meta property=\"og:title\" content=\"Kit de d\u00e9couverte Italian - Cocuma Caff\u00e8\" \/>\n<meta property=\"og:description\" content=\"Kit de d\u00e9couverte Cocuma Italie : 1x India (100% Canephora), 1x Passione (70% Arabica, 30% Canephora), 1x Euforia (80% Arabica, 20% Canephora)\" \/>\n<meta property=\"og:url\" content=\"https:\/\/cocuma.ch\/fr\/produkt\/kit-de-decouverte-italian\/\" \/>\n<meta property=\"og:site_name\" content=\"Cocuma Caff\u00e8\" \/>\n<meta property=\"article:modified_time\" content=\"2025-06-01T08:37:14+00:00\" \/>\n<meta property=\"og:image\" content=\"https:\/\/cocuma.ch\/wp-content\/uploads\/2025\/11\/20.png\" \/>\n\t<meta property=\"og:image:width\" content=\"1800\" \/>\n\t<meta property=\"og:image:height\" content=\"1800\" \/>\n\t<meta property=\"og:image:type\" content=\"image\/png\" \/>\n<meta name=\"twitter:card\" content=\"summary_large_image\" \/>\n<script type=\"application\/ld+json\" class=\"yoast-schema-graph\">{\"@context\":\"https:\\\/\\\/schema.org\",\"@graph\":[{\"@type\":\"WebPage\",\"@id\":\"https:\\\/\\\/cocuma.ch\\\/fr\\\/produkt\\\/kit-de-decouverte-italian\\\/\",\"url\":\"https:\\\/\\\/cocuma.ch\\\/fr\\\/produkt\\\/kit-de-decouverte-italian\\\/\",\"name\":\"Kit de d\u00e9couverte Italian - Cocuma Caff\u00e8\",\"isPartOf\":{\"@id\":\"https:\\\/\\\/cocuma.ch\\\/fr\\\/#website\"},\"primaryImageOfPage\":{\"@id\":\"https:\\\/\\\/cocuma.ch\\\/fr\\\/produkt\\\/kit-de-decouverte-italian\\\/#primaryimage\"},\"image\":{\"@id\":\"https:\\\/\\\/cocuma.ch\\\/fr\\\/produkt\\\/kit-de-decouverte-italian\\\/#primaryimage\"},\"thumbnailUrl\":\"https:\\\/\\\/cocuma.ch\\\/wp-content\\\/uploads\\\/2025\\\/11\\\/20.png\",\"datePublished\":\"2024-01-24T08:32:17+00:00\",\"dateModified\":\"2025-06-01T08:37:14+00:00\",\"description\":\"Kit de d\u00e9couverte Cocuma Italie : 1x India (100% Canephora), 1x Passione (70% Arabica, 30% Canephora), 1x Euforia (80% Arabica, 20% Canephora)\",\"breadcrumb\":{\"@id\":\"https:\\\/\\\/cocuma.ch\\\/fr\\\/produkt\\\/kit-de-decouverte-italian\\\/#breadcrumb\"},\"inLanguage\":\"fr-FR\",\"potentialAction\":[{\"@type\":\"ReadAction\",\"target\":[\"https:\\\/\\\/cocuma.ch\\\/fr\\\/produkt\\\/kit-de-decouverte-italian\\\/\"]}]},{\"@type\":\"ImageObject\",\"inLanguage\":\"fr-FR\",\"@id\":\"https:\\\/\\\/cocuma.ch\\\/fr\\\/produkt\\\/kit-de-decouverte-italian\\\/#primaryimage\",\"url\":\"https:\\\/\\\/cocuma.ch\\\/wp-content\\\/uploads\\\/2025\\\/11\\\/20.png\",\"contentUrl\":\"https:\\\/\\\/cocuma.ch\\\/wp-content\\\/uploads\\\/2025\\\/11\\\/20.png\",\"width\":1800,\"height\":1800,\"caption\":\"20\"},{\"@type\":\"BreadcrumbList\",\"@id\":\"https:\\\/\\\/cocuma.ch\\\/fr\\\/produkt\\\/kit-de-decouverte-italian\\\/#breadcrumb\",\"itemListElement\":[{\"@type\":\"ListItem\",\"position\":1,\"name\":\"Startseite\",\"item\":\"https:\\\/\\\/cocuma.ch\\\/fr\\\/accueil\\\/\"},{\"@type\":\"ListItem\",\"position\":2,\"name\":\"Shop\",\"item\":\"https:\\\/\\\/cocuma.ch\\\/de\\\/shop\\\/\"},{\"@type\":\"ListItem\",\"position\":3,\"name\":\"Kit de d\u00e9couverte Italian\"}]},{\"@type\":\"WebSite\",\"@id\":\"https:\\\/\\\/cocuma.ch\\\/fr\\\/#website\",\"url\":\"https:\\\/\\\/cocuma.ch\\\/fr\\\/\",\"name\":\"Cocuma Caff\u00e8\",\"description\":\"la cultura del buon caff\u00e8\",\"publisher\":{\"@id\":\"https:\\\/\\\/cocuma.ch\\\/fr\\\/#organization\"},\"alternateName\":\"Cocuma Kaffeegenuss \\\/ Cocuma plaisir du caf\u00e9\",\"potentialAction\":[{\"@type\":\"SearchAction\",\"target\":{\"@type\":\"EntryPoint\",\"urlTemplate\":\"https:\\\/\\\/cocuma.ch\\\/fr\\\/?s={search_term_string}\"},\"query-input\":{\"@type\":\"PropertyValueSpecification\",\"valueRequired\":true,\"valueName\":\"search_term_string\"}}],\"inLanguage\":\"fr-FR\"},{\"@type\":\"Organization\",\"@id\":\"https:\\\/\\\/cocuma.ch\\\/fr\\\/#organization\",\"name\":\"Cocuma AG\",\"url\":\"https:\\\/\\\/cocuma.ch\\\/fr\\\/\",\"logo\":{\"@type\":\"ImageObject\",\"inLanguage\":\"fr-FR\",\"@id\":\"https:\\\/\\\/cocuma.ch\\\/fr\\\/#\\\/schema\\\/logo\\\/image\\\/\",\"url\":\"https:\\\/\\\/cocuma.ch\\\/wp-content\\\/uploads\\\/2024\\\/01\\\/Cocuma_Logo_Beans_cmyk.svg\",\"contentUrl\":\"https:\\\/\\\/cocuma.ch\\\/wp-content\\\/uploads\\\/2024\\\/01\\\/Cocuma_Logo_Beans_cmyk.svg\",\"width\":406,\"height\":135,\"caption\":\"Cocuma AG\"},\"image\":{\"@id\":\"https:\\\/\\\/cocuma.ch\\\/fr\\\/#\\\/schema\\\/logo\\\/image\\\/\"},\"sameAs\":[\"https:\\\/\\\/www.instagram.com\\\/cocuma_caffe\\\/\",\"https:\\\/\\\/www.linkedin.com\\\/company\\\/cocuma-ag\\\/\"]}]}<\/script>\n<!-- \/ Yoast SEO plugin. -->","yoast_head_json":{"title":"Kit de d\u00e9couverte Italian - Cocuma Caff\u00e8","description":"Kit de d\u00e9couverte Cocuma Italie : 1x India (100% Canephora), 1x Passione (70% Arabica, 30% Canephora), 1x Euforia (80% Arabica, 20% Canephora)","robots":{"index":"index","follow":"follow","max-snippet":"max-snippet:-1","max-image-preview":"max-image-preview:large","max-video-preview":"max-video-preview:-1"},"canonical":"https:\/\/cocuma.ch\/fr\/produkt\/kit-de-decouverte-italian\/","og_locale":"fr_FR","og_type":"article","og_title":"Kit de d\u00e9couverte Italian - Cocuma Caff\u00e8","og_description":"Kit de d\u00e9couverte Cocuma Italie : 1x India (100% Canephora), 1x Passione (70% Arabica, 30% Canephora), 1x Euforia (80% Arabica, 20% Canephora)","og_url":"https:\/\/cocuma.ch\/fr\/produkt\/kit-de-decouverte-italian\/","og_site_name":"Cocuma Caff\u00e8","article_modified_time":"2025-06-01T08:37:14+00:00","og_image":[{"width":1800,"height":1800,"url":"https:\/\/cocuma.ch\/wp-content\/uploads\/2025\/11\/20.png","type":"image\/png"}],"twitter_card":"summary_large_image","schema":{"@context":"https:\/\/schema.org","@graph":[{"@type":"WebPage","@id":"https:\/\/cocuma.ch\/fr\/produkt\/kit-de-decouverte-italian\/","url":"https:\/\/cocuma.ch\/fr\/produkt\/kit-de-decouverte-italian\/","name":"Kit de d\u00e9couverte Italian - Cocuma Caff\u00e8","isPartOf":{"@id":"https:\/\/cocuma.ch\/fr\/#website"},"primaryImageOfPage":{"@id":"https:\/\/cocuma.ch\/fr\/produkt\/kit-de-decouverte-italian\/#primaryimage"},"image":{"@id":"https:\/\/cocuma.ch\/fr\/produkt\/kit-de-decouverte-italian\/#primaryimage"},"thumbnailUrl":"https:\/\/cocuma.ch\/wp-content\/uploads\/2025\/11\/20.png","datePublished":"2024-01-24T08:32:17+00:00","dateModified":"2025-06-01T08:37:14+00:00","description":"Kit de d\u00e9couverte Cocuma Italie : 1x India (100% Canephora), 1x Passione (70% Arabica, 30% Canephora), 1x Euforia (80% Arabica, 20% Canephora)","breadcrumb":{"@id":"https:\/\/cocuma.ch\/fr\/produkt\/kit-de-decouverte-italian\/#breadcrumb"},"inLanguage":"fr-FR","potentialAction":[{"@type":"ReadAction","target":["https:\/\/cocuma.ch\/fr\/produkt\/kit-de-decouverte-italian\/"]}]},{"@type":"ImageObject","inLanguage":"fr-FR","@id":"https:\/\/cocuma.ch\/fr\/produkt\/kit-de-decouverte-italian\/#primaryimage","url":"https:\/\/cocuma.ch\/wp-content\/uploads\/2025\/11\/20.png","contentUrl":"https:\/\/cocuma.ch\/wp-content\/uploads\/2025\/11\/20.png","width":1800,"height":1800,"caption":"20"},{"@type":"BreadcrumbList","@id":"https:\/\/cocuma.ch\/fr\/produkt\/kit-de-decouverte-italian\/#breadcrumb","itemListElement":[{"@type":"ListItem","position":1,"name":"Startseite","item":"https:\/\/cocuma.ch\/fr\/accueil\/"},{"@type":"ListItem","position":2,"name":"Shop","item":"https:\/\/cocuma.ch\/de\/shop\/"},{"@type":"ListItem","position":3,"name":"Kit de d\u00e9couverte Italian"}]},{"@type":"WebSite","@id":"https:\/\/cocuma.ch\/fr\/#website","url":"https:\/\/cocuma.ch\/fr\/","name":"Cocuma Caff\u00e8","description":"la cultura del buon caff\u00e8","publisher":{"@id":"https:\/\/cocuma.ch\/fr\/#organization"},"alternateName":"Cocuma Kaffeegenuss \/ Cocuma plaisir du caf\u00e9","potentialAction":[{"@type":"SearchAction","target":{"@type":"EntryPoint","urlTemplate":"https:\/\/cocuma.ch\/fr\/?s={search_term_string}"},"query-input":{"@type":"PropertyValueSpecification","valueRequired":true,"valueName":"search_term_string"}}],"inLanguage":"fr-FR"},{"@type":"Organization","@id":"https:\/\/cocuma.ch\/fr\/#organization","name":"Cocuma AG","url":"https:\/\/cocuma.ch\/fr\/","logo":{"@type":"ImageObject","inLanguage":"fr-FR","@id":"https:\/\/cocuma.ch\/fr\/#\/schema\/logo\/image\/","url":"https:\/\/cocuma.ch\/wp-content\/uploads\/2024\/01\/Cocuma_Logo_Beans_cmyk.svg","contentUrl":"https:\/\/cocuma.ch\/wp-content\/uploads\/2024\/01\/Cocuma_Logo_Beans_cmyk.svg","width":406,"height":135,"caption":"Cocuma AG"},"image":{"@id":"https:\/\/cocuma.ch\/fr\/#\/schema\/logo\/image\/"},"sameAs":["https:\/\/www.instagram.com\/cocuma_caffe\/","https:\/\/www.linkedin.com\/company\/cocuma-ag\/"]}]}},"_links":{"self":[{"href":"https:\/\/cocuma.ch\/fr\/wp-json\/wp\/v2\/product\/1223","targetHints":{"allow":["GET"]}}],"collection":[{"href":"https:\/\/cocuma.ch\/fr\/wp-json\/wp\/v2\/product"}],"about":[{"href":"https:\/\/cocuma.ch\/fr\/wp-json\/wp\/v2\/types\/product"}],"wp:featuredmedia":[{"embeddable":true,"href":"https:\/\/cocuma.ch\/fr\/wp-json\/wp\/v2\/media\/15245"}],"wp:attachment":[{"href":"https:\/\/cocuma.ch\/fr\/wp-json\/wp\/v2\/media?parent=1223"}],"wp:term":[{"taxonomy":"product_brand","embeddable":true,"href":"https:\/\/cocuma.ch\/fr\/wp-json\/wp\/v2\/product_brand?post=1223"},{"taxonomy":"product_cat","embeddable":true,"href":"https:\/\/cocuma.ch\/fr\/wp-json\/wp\/v2\/product_cat?post=1223"},{"taxonomy":"product_tag","embeddable":true,"href":"https:\/\/cocuma.ch\/fr\/wp-json\/wp\/v2\/product_tag?post=1223"}],"curies":[{"name":"wp","href":"https:\/\/api.w.org\/{rel}","templated":true}]}}