{"id":1253,"date":"2024-01-24T09:01:39","date_gmt":"2024-01-24T08:01:39","guid":{"rendered":"https:\/\/cocuma.ch\/produkt\/euforia\/"},"modified":"2026-05-01T06:54:59","modified_gmt":"2026-05-01T04:54:59","slug":"euforia","status":"publish","type":"product","link":"https:\/\/cocuma.ch\/fr\/produkt\/euforia\/","title":{"rendered":"Euforia"},"content":{"rendered":"","protected":false},"excerpt":{"rendered":"<p>40% Arabica (Brasil, Mundo Novo, natural)<br \/>40% Arabica (Colombia, Castillo Naranjal, washed)<br \/>20% Canephora (India, Indian Cherry, natural)<\/p>\n<p><a href=\"https:\/\/cocuma.ch\/fr\/torrefaction-en-bois\/\"><img loading=\"lazy\" decoding=\"async\" class=\"alignnone wp-image-893\" src=\"https:\/\/cocuma.ch\/wp-content\/uploads\/2024\/01\/wood-roasted.png\" alt=\"\" width=\"70\" height=\"70\" srcset=\"https:\/\/cocuma.ch\/wp-content\/uploads\/2024\/01\/wood-roasted.png 150w, https:\/\/cocuma.ch\/wp-content\/uploads\/2024\/01\/wood-roasted-140x140.png 140w, https:\/\/cocuma.ch\/wp-content\/uploads\/2024\/01\/wood-roasted-100x100.png 100w\" sizes=\"auto, (max-width: 70px) 100vw, 70px\" \/><\/a><\/p>\n<p><img loading=\"lazy\" decoding=\"async\" class=\"alignnone size-full wp-image-891\" src=\"https:\/\/cocuma.ch\/wp-content\/uploads\/2024\/01\/Bohne_D.png\" alt=\"\" width=\"24\" height=\"24\"> <img loading=\"lazy\" decoding=\"async\" class=\"alignnone size-full wp-image-891\" src=\"https:\/\/cocuma.ch\/wp-content\/uploads\/2024\/01\/Bohne_D.png\" alt=\"\" width=\"24\" height=\"24\"> <img loading=\"lazy\" decoding=\"async\" class=\"alignnone size-full wp-image-891\" src=\"https:\/\/cocuma.ch\/wp-content\/uploads\/2024\/01\/Bohne_D.png\" alt=\"\" width=\"24\" height=\"24\"> <img loading=\"lazy\" decoding=\"async\" class=\"alignnone size-full wp-image-891\" src=\"https:\/\/cocuma.ch\/wp-content\/uploads\/2024\/01\/Bohne_D.png\" alt=\"\" width=\"24\" height=\"24\"> <img loading=\"lazy\" decoding=\"async\" class=\"alignnone size-full wp-image-891\" src=\"https:\/\/cocuma.ch\/wp-content\/uploads\/2024\/01\/Bohne_D.png\" alt=\"\" width=\"24\" height=\"24\"> <img loading=\"lazy\" decoding=\"async\" class=\"alignnone size-full wp-image-891\" src=\"https:\/\/cocuma.ch\/wp-content\/uploads\/2024\/01\/Bohne_D.png\" alt=\"\" width=\"24\" height=\"24\"> <img loading=\"lazy\" decoding=\"async\" class=\"alignnone size-full wp-image-892\" src=\"https:\/\/cocuma.ch\/wp-content\/uploads\/2024\/01\/Bohne_H.png\" alt=\"\" width=\"24\" height=\"24\"> <img loading=\"lazy\" decoding=\"async\" class=\"alignnone size-full wp-image-892\" src=\"https:\/\/cocuma.ch\/wp-content\/uploads\/2024\/01\/Bohne_H.png\" alt=\"\" width=\"24\" height=\"24\"> <img loading=\"lazy\" decoding=\"async\" class=\"alignnone size-full wp-image-892\" src=\"https:\/\/cocuma.ch\/wp-content\/uploads\/2024\/01\/Bohne_H.png\" alt=\"\" width=\"24\" height=\"24\"> <img loading=\"lazy\" decoding=\"async\" class=\"alignnone size-full wp-image-892\" src=\"https:\/\/cocuma.ch\/wp-content\/uploads\/2024\/01\/Bohne_H.png\" alt=\"\" width=\"24\" height=\"24\"><\/p>\n<p>Espresso | Lungo | Cappuccino<\/p>\n<p>Informations sur les grains verts sur :<br \/><a href=\"https:\/\/cocuma.ch\/fr\/direct-fair\/\">Direct &#038; fair<\/a><\/p>\n","protected":false},"featured_media":15259,"template":"","meta":{"inline_featured_image":false},"product_brand":[],"product_cat":[138,139,140,131],"product_tag":[477,410,465,411,466,476],"class_list":{"0":"post-1253","1":"product","2":"type-product","3":"status-publish","4":"has-post-thumbnail","6":"product_cat-cappuccino-fr","7":"product_cat-espresso-fr","8":"product_cat-lungo-fr","9":"product_cat-medium-4-7-fr","10":"product_tag-cappuccino-fr","11":"product_tag-cocuma-fr","12":"product_tag-espresso-fr","13":"product_tag-euforia-fr","14":"product_tag-flat-white-fr","15":"product_tag-lungo-fr","16":"has-subscription-plans","18":"first","19":"instock","20":"taxable","21":"shipping-taxable","22":"purchasable","23":"product-type-variable"},"yoast_head":"<!-- This site is optimized with the Yoast SEO plugin v27.6 - https:\/\/yoast.com\/product\/yoast-seo-wordpress\/ -->\n<title>Euforia - Cocuma Caff\u00e8<\/title>\n<meta name=\"description\" content=\"Caf\u00e9 Cocuma Euforia. Un caf\u00e9 polyvalent, id\u00e9al pour l&#039;espresso, le lungo et le cappuccino. 80 % Arabica (Br\u00e9sil et Colombie) et 20 % Canephora (Inde).\" \/>\n<meta name=\"robots\" content=\"index, follow, max-snippet:-1, max-image-preview:large, max-video-preview:-1\" \/>\n<link rel=\"canonical\" href=\"https:\/\/cocuma.ch\/fr\/produkt\/euforia\/\" \/>\n<script type=\"application\/ld+json\" class=\"yoast-schema-graph\">{\"@context\":\"https:\\\/\\\/schema.org\",\"@graph\":[{\"@type\":\"WebPage\",\"@id\":\"https:\\\/\\\/cocuma.ch\\\/fr\\\/produkt\\\/euforia\\\/\",\"url\":\"https:\\\/\\\/cocuma.ch\\\/fr\\\/produkt\\\/euforia\\\/\",\"name\":\"Euforia - Cocuma Caff\u00e8\",\"isPartOf\":{\"@id\":\"https:\\\/\\\/cocuma.ch\\\/fr\\\/#website\"},\"primaryImageOfPage\":{\"@id\":\"https:\\\/\\\/cocuma.ch\\\/fr\\\/produkt\\\/euforia\\\/#primaryimage\"},\"image\":{\"@id\":\"https:\\\/\\\/cocuma.ch\\\/fr\\\/produkt\\\/euforia\\\/#primaryimage\"},\"thumbnailUrl\":\"https:\\\/\\\/cocuma.ch\\\/wp-content\\\/uploads\\\/2025\\\/11\\\/Euforia-Kaffee.png\",\"datePublished\":\"2024-01-24T08:01:39+00:00\",\"dateModified\":\"2026-05-01T04:54:59+00:00\",\"description\":\"Caf\u00e9 Cocuma Euforia. Un caf\u00e9 polyvalent, id\u00e9al pour l'espresso, le lungo et le cappuccino. 80 % Arabica (Br\u00e9sil et Colombie) et 20 % Canephora (Inde).\",\"breadcrumb\":{\"@id\":\"https:\\\/\\\/cocuma.ch\\\/fr\\\/produkt\\\/euforia\\\/#breadcrumb\"},\"inLanguage\":\"fr-FR\",\"potentialAction\":[{\"@type\":\"ReadAction\",\"target\":[\"https:\\\/\\\/cocuma.ch\\\/fr\\\/produkt\\\/euforia\\\/\"]}]},{\"@type\":\"ImageObject\",\"inLanguage\":\"fr-FR\",\"@id\":\"https:\\\/\\\/cocuma.ch\\\/fr\\\/produkt\\\/euforia\\\/#primaryimage\",\"url\":\"https:\\\/\\\/cocuma.ch\\\/wp-content\\\/uploads\\\/2025\\\/11\\\/Euforia-Kaffee.png\",\"contentUrl\":\"https:\\\/\\\/cocuma.ch\\\/wp-content\\\/uploads\\\/2025\\\/11\\\/Euforia-Kaffee.png\",\"width\":1800,\"height\":1800,\"caption\":\"Euforia-Kaffee\"},{\"@type\":\"BreadcrumbList\",\"@id\":\"https:\\\/\\\/cocuma.ch\\\/fr\\\/produkt\\\/euforia\\\/#breadcrumb\",\"itemListElement\":[{\"@type\":\"ListItem\",\"position\":1,\"name\":\"Startseite\",\"item\":\"https:\\\/\\\/cocuma.ch\\\/fr\\\/accueil\\\/\"},{\"@type\":\"ListItem\",\"position\":2,\"name\":\"Shop\",\"item\":\"https:\\\/\\\/cocuma.ch\\\/de\\\/shop\\\/\"},{\"@type\":\"ListItem\",\"position\":3,\"name\":\"Euforia\"}]},{\"@type\":\"WebSite\",\"@id\":\"https:\\\/\\\/cocuma.ch\\\/fr\\\/#website\",\"url\":\"https:\\\/\\\/cocuma.ch\\\/fr\\\/\",\"name\":\"Cocuma Caff\u00e8\",\"description\":\"la cultura del buon caff\u00e8\",\"publisher\":{\"@id\":\"https:\\\/\\\/cocuma.ch\\\/fr\\\/#organization\"},\"alternateName\":\"Cocuma Kaffeegenuss \\\/ Cocuma plaisir du caf\u00e9\",\"potentialAction\":[{\"@type\":\"SearchAction\",\"target\":{\"@type\":\"EntryPoint\",\"urlTemplate\":\"https:\\\/\\\/cocuma.ch\\\/fr\\\/?s={search_term_string}\"},\"query-input\":{\"@type\":\"PropertyValueSpecification\",\"valueRequired\":true,\"valueName\":\"search_term_string\"}}],\"inLanguage\":\"fr-FR\"},{\"@type\":\"Organization\",\"@id\":\"https:\\\/\\\/cocuma.ch\\\/fr\\\/#organization\",\"name\":\"Cocuma AG\",\"url\":\"https:\\\/\\\/cocuma.ch\\\/fr\\\/\",\"logo\":{\"@type\":\"ImageObject\",\"inLanguage\":\"fr-FR\",\"@id\":\"https:\\\/\\\/cocuma.ch\\\/fr\\\/#\\\/schema\\\/logo\\\/image\\\/\",\"url\":\"https:\\\/\\\/cocuma.ch\\\/wp-content\\\/uploads\\\/2024\\\/01\\\/Cocuma_Logo_Beans_cmyk.svg\",\"contentUrl\":\"https:\\\/\\\/cocuma.ch\\\/wp-content\\\/uploads\\\/2024\\\/01\\\/Cocuma_Logo_Beans_cmyk.svg\",\"width\":406,\"height\":135,\"caption\":\"Cocuma AG\"},\"image\":{\"@id\":\"https:\\\/\\\/cocuma.ch\\\/fr\\\/#\\\/schema\\\/logo\\\/image\\\/\"},\"sameAs\":[\"https:\\\/\\\/www.instagram.com\\\/cocuma_caffe\\\/\",\"https:\\\/\\\/www.linkedin.com\\\/company\\\/cocuma-ag\\\/\"]}]}<\/script>\n<!-- \/ Yoast SEO plugin. -->","yoast_head_json":{"title":"Euforia - Cocuma Caff\u00e8","description":"Caf\u00e9 Cocuma Euforia. Un caf\u00e9 polyvalent, id\u00e9al pour l'espresso, le lungo et le cappuccino. 80 % Arabica (Br\u00e9sil et Colombie) et 20 % Canephora (Inde).","robots":{"index":"index","follow":"follow","max-snippet":"max-snippet:-1","max-image-preview":"max-image-preview:large","max-video-preview":"max-video-preview:-1"},"canonical":"https:\/\/cocuma.ch\/fr\/produkt\/euforia\/","schema":{"@context":"https:\/\/schema.org","@graph":[{"@type":"WebPage","@id":"https:\/\/cocuma.ch\/fr\/produkt\/euforia\/","url":"https:\/\/cocuma.ch\/fr\/produkt\/euforia\/","name":"Euforia - Cocuma Caff\u00e8","isPartOf":{"@id":"https:\/\/cocuma.ch\/fr\/#website"},"primaryImageOfPage":{"@id":"https:\/\/cocuma.ch\/fr\/produkt\/euforia\/#primaryimage"},"image":{"@id":"https:\/\/cocuma.ch\/fr\/produkt\/euforia\/#primaryimage"},"thumbnailUrl":"https:\/\/cocuma.ch\/wp-content\/uploads\/2025\/11\/Euforia-Kaffee.png","datePublished":"2024-01-24T08:01:39+00:00","dateModified":"2026-05-01T04:54:59+00:00","description":"Caf\u00e9 Cocuma Euforia. Un caf\u00e9 polyvalent, id\u00e9al pour l'espresso, le lungo et le cappuccino. 80 % Arabica (Br\u00e9sil et Colombie) et 20 % Canephora (Inde).","breadcrumb":{"@id":"https:\/\/cocuma.ch\/fr\/produkt\/euforia\/#breadcrumb"},"inLanguage":"fr-FR","potentialAction":[{"@type":"ReadAction","target":["https:\/\/cocuma.ch\/fr\/produkt\/euforia\/"]}]},{"@type":"ImageObject","inLanguage":"fr-FR","@id":"https:\/\/cocuma.ch\/fr\/produkt\/euforia\/#primaryimage","url":"https:\/\/cocuma.ch\/wp-content\/uploads\/2025\/11\/Euforia-Kaffee.png","contentUrl":"https:\/\/cocuma.ch\/wp-content\/uploads\/2025\/11\/Euforia-Kaffee.png","width":1800,"height":1800,"caption":"Euforia-Kaffee"},{"@type":"BreadcrumbList","@id":"https:\/\/cocuma.ch\/fr\/produkt\/euforia\/#breadcrumb","itemListElement":[{"@type":"ListItem","position":1,"name":"Startseite","item":"https:\/\/cocuma.ch\/fr\/accueil\/"},{"@type":"ListItem","position":2,"name":"Shop","item":"https:\/\/cocuma.ch\/de\/shop\/"},{"@type":"ListItem","position":3,"name":"Euforia"}]},{"@type":"WebSite","@id":"https:\/\/cocuma.ch\/fr\/#website","url":"https:\/\/cocuma.ch\/fr\/","name":"Cocuma Caff\u00e8","description":"la cultura del buon caff\u00e8","publisher":{"@id":"https:\/\/cocuma.ch\/fr\/#organization"},"alternateName":"Cocuma Kaffeegenuss \/ Cocuma plaisir du caf\u00e9","potentialAction":[{"@type":"SearchAction","target":{"@type":"EntryPoint","urlTemplate":"https:\/\/cocuma.ch\/fr\/?s={search_term_string}"},"query-input":{"@type":"PropertyValueSpecification","valueRequired":true,"valueName":"search_term_string"}}],"inLanguage":"fr-FR"},{"@type":"Organization","@id":"https:\/\/cocuma.ch\/fr\/#organization","name":"Cocuma AG","url":"https:\/\/cocuma.ch\/fr\/","logo":{"@type":"ImageObject","inLanguage":"fr-FR","@id":"https:\/\/cocuma.ch\/fr\/#\/schema\/logo\/image\/","url":"https:\/\/cocuma.ch\/wp-content\/uploads\/2024\/01\/Cocuma_Logo_Beans_cmyk.svg","contentUrl":"https:\/\/cocuma.ch\/wp-content\/uploads\/2024\/01\/Cocuma_Logo_Beans_cmyk.svg","width":406,"height":135,"caption":"Cocuma AG"},"image":{"@id":"https:\/\/cocuma.ch\/fr\/#\/schema\/logo\/image\/"},"sameAs":["https:\/\/www.instagram.com\/cocuma_caffe\/","https:\/\/www.linkedin.com\/company\/cocuma-ag\/"]}]}},"_links":{"self":[{"href":"https:\/\/cocuma.ch\/fr\/wp-json\/wp\/v2\/product\/1253","targetHints":{"allow":["GET"]}}],"collection":[{"href":"https:\/\/cocuma.ch\/fr\/wp-json\/wp\/v2\/product"}],"about":[{"href":"https:\/\/cocuma.ch\/fr\/wp-json\/wp\/v2\/types\/product"}],"wp:featuredmedia":[{"embeddable":true,"href":"https:\/\/cocuma.ch\/fr\/wp-json\/wp\/v2\/media\/15259"}],"wp:attachment":[{"href":"https:\/\/cocuma.ch\/fr\/wp-json\/wp\/v2\/media?parent=1253"}],"wp:term":[{"taxonomy":"product_brand","embeddable":true,"href":"https:\/\/cocuma.ch\/fr\/wp-json\/wp\/v2\/product_brand?post=1253"},{"taxonomy":"product_cat","embeddable":true,"href":"https:\/\/cocuma.ch\/fr\/wp-json\/wp\/v2\/product_cat?post=1253"},{"taxonomy":"product_tag","embeddable":true,"href":"https:\/\/cocuma.ch\/fr\/wp-json\/wp\/v2\/product_tag?post=1253"}],"curies":[{"name":"wp","href":"https:\/\/api.w.org\/{rel}","templated":true}]}}