{"id":1292,"date":"2024-01-24T09:13:34","date_gmt":"2024-01-24T08:13:34","guid":{"rendered":"https:\/\/cocuma.ch\/produkt\/colombie\/"},"modified":"2024-11-01T09:28:24","modified_gmt":"2024-11-01T08:28:24","slug":"colombie","status":"publish","type":"product","link":"https:\/\/cocuma.ch\/fr\/produkt\/colombie\/","title":{"rendered":"Colombia"},"content":{"rendered":"","protected":false},"excerpt":{"rendered":"<p>100% Arabica (Colombia, Castillo Naranjal, washed 1700 m, Caldas, Villamaria)<\/p>\n<p><a href=\"https:\/\/cocuma.ch\/holzroesterei\/\"><img loading=\"lazy\" decoding=\"async\" class=\"alignnone wp-image-893\" src=\"https:\/\/cocuma.ch\/wp-content\/uploads\/2024\/01\/wood-roasted.png\" alt=\"\" width=\"70\" height=\"70\" srcset=\"https:\/\/cocuma.ch\/wp-content\/uploads\/2024\/01\/wood-roasted.png 150w, https:\/\/cocuma.ch\/wp-content\/uploads\/2024\/01\/wood-roasted-140x140.png 140w, https:\/\/cocuma.ch\/wp-content\/uploads\/2024\/01\/wood-roasted-100x100.png 100w\" sizes=\"auto, (max-width: 70px) 100vw, 70px\" \/><\/a><\/p>\n<p><img loading=\"lazy\" decoding=\"async\" class=\"alignnone size-full wp-image-891\" src=\"https:\/\/cocuma.ch\/wp-content\/uploads\/2024\/01\/Bohne_D.png\" alt=\"\" width=\"24\" height=\"24\"> <img loading=\"lazy\" decoding=\"async\" class=\"alignnone size-full wp-image-891\" src=\"https:\/\/cocuma.ch\/wp-content\/uploads\/2024\/01\/Bohne_D.png\" alt=\"\" width=\"24\" height=\"24\"> <img loading=\"lazy\" decoding=\"async\" class=\"alignnone size-full wp-image-891\" src=\"https:\/\/cocuma.ch\/wp-content\/uploads\/2024\/01\/Bohne_D.png\" alt=\"\" width=\"24\" height=\"24\"> <img loading=\"lazy\" decoding=\"async\" class=\"alignnone size-full wp-image-891\" src=\"https:\/\/cocuma.ch\/wp-content\/uploads\/2024\/01\/Bohne_D.png\" alt=\"\" width=\"24\" height=\"24\"> <img loading=\"lazy\" decoding=\"async\" class=\"alignnone size-full wp-image-892\" src=\"https:\/\/cocuma.ch\/wp-content\/uploads\/2024\/01\/Bohne_H.png\" alt=\"\" width=\"24\" height=\"24\"> <img loading=\"lazy\" decoding=\"async\" class=\"alignnone size-full wp-image-892\" src=\"https:\/\/cocuma.ch\/wp-content\/uploads\/2024\/01\/Bohne_H.png\" alt=\"\" width=\"24\" height=\"24\"> <img loading=\"lazy\" decoding=\"async\" class=\"alignnone size-full wp-image-892\" src=\"https:\/\/cocuma.ch\/wp-content\/uploads\/2024\/01\/Bohne_H.png\" alt=\"\" width=\"24\" height=\"24\"> <img loading=\"lazy\" decoding=\"async\" class=\"alignnone size-full wp-image-892\" src=\"https:\/\/cocuma.ch\/wp-content\/uploads\/2024\/01\/Bohne_H.png\" alt=\"\" width=\"24\" height=\"24\"> <img loading=\"lazy\" decoding=\"async\" class=\"alignnone size-full wp-image-892\" src=\"https:\/\/cocuma.ch\/wp-content\/uploads\/2024\/01\/Bohne_H.png\" alt=\"\" width=\"24\" height=\"24\"> <img loading=\"lazy\" decoding=\"async\" class=\"alignnone size-full wp-image-892\" src=\"https:\/\/cocuma.ch\/wp-content\/uploads\/2024\/01\/Bohne_H.png\" alt=\"\" width=\"24\" height=\"24\"><\/p>\n<p>Lungo | Filter<\/p>\n<p>Informations sur les grains verts sur :<br \/><a href=\"https:\/\/cocuma.ch\/direct-fair\/\">Direct &amp; fair<\/a><\/p>\n","protected":false},"featured_media":15253,"template":"","meta":{"inline_featured_image":false},"product_brand":[],"product_cat":[141,130,140,131],"product_tag":[483,482,485,484],"class_list":{"0":"post-1292","1":"product","2":"type-product","3":"status-publish","4":"has-post-thumbnail","6":"product_cat-filtre","7":"product_cat-light-1-4-fr","8":"product_cat-lungo-fr","9":"product_cat-medium-4-7-fr","10":"product_tag-cafe-colombia","11":"product_tag-cafe-filtre","12":"product_tag-filtre-classique","13":"product_tag-materiau-brut","14":"has-subscription-plans","16":"first","17":"instock","18":"taxable","19":"shipping-taxable","20":"purchasable","21":"product-type-variable"},"yoast_head":"<!-- This site is optimized with the Yoast SEO plugin v27.4 - https:\/\/yoast.com\/product\/yoast-seo-wordpress\/ -->\n<title>Colombia - Cocuma Caff\u00e8<\/title>\n<meta name=\"description\" content=\"Cocuma Colombia. Id\u00e9al pour un caf\u00e9 filtre classique. 100% Arabica, Castillo Naranjal, washed, via Raw Materials de la station Villamar\u00eca, Caldas.\" \/>\n<meta name=\"robots\" content=\"index, follow, max-snippet:-1, max-image-preview:large, max-video-preview:-1\" \/>\n<link rel=\"canonical\" href=\"https:\/\/cocuma.ch\/fr\/produkt\/colombie\/\" \/>\n<meta property=\"og:locale\" content=\"fr_FR\" \/>\n<meta property=\"og:type\" content=\"article\" \/>\n<meta property=\"og:title\" content=\"Colombia - Cocuma Caff\u00e8\" \/>\n<meta property=\"og:description\" content=\"Cocuma Colombia. Id\u00e9al pour un caf\u00e9 filtre classique. 100% Arabica, Castillo Naranjal, washed, via Raw Materials de la station Villamar\u00eca, Caldas.\" \/>\n<meta property=\"og:url\" content=\"https:\/\/cocuma.ch\/fr\/produkt\/colombie\/\" \/>\n<meta property=\"og:site_name\" content=\"Cocuma Caff\u00e8\" \/>\n<meta property=\"article:modified_time\" content=\"2024-11-01T08:28:24+00:00\" \/>\n<meta property=\"og:image\" content=\"https:\/\/cocuma.ch\/wp-content\/uploads\/2025\/11\/Colombia-Kaffee.png\" \/>\n\t<meta property=\"og:image:width\" content=\"1800\" \/>\n\t<meta property=\"og:image:height\" content=\"1800\" \/>\n\t<meta property=\"og:image:type\" content=\"image\/png\" \/>\n<meta name=\"twitter:card\" content=\"summary_large_image\" \/>\n<script type=\"application\/ld+json\" class=\"yoast-schema-graph\">{\"@context\":\"https:\\\/\\\/schema.org\",\"@graph\":[{\"@type\":\"WebPage\",\"@id\":\"https:\\\/\\\/cocuma.ch\\\/fr\\\/produkt\\\/colombie\\\/\",\"url\":\"https:\\\/\\\/cocuma.ch\\\/fr\\\/produkt\\\/colombie\\\/\",\"name\":\"Colombia - Cocuma Caff\u00e8\",\"isPartOf\":{\"@id\":\"https:\\\/\\\/cocuma.ch\\\/fr\\\/#website\"},\"primaryImageOfPage\":{\"@id\":\"https:\\\/\\\/cocuma.ch\\\/fr\\\/produkt\\\/colombie\\\/#primaryimage\"},\"image\":{\"@id\":\"https:\\\/\\\/cocuma.ch\\\/fr\\\/produkt\\\/colombie\\\/#primaryimage\"},\"thumbnailUrl\":\"https:\\\/\\\/cocuma.ch\\\/wp-content\\\/uploads\\\/2025\\\/11\\\/Colombia-Kaffee.png\",\"datePublished\":\"2024-01-24T08:13:34+00:00\",\"dateModified\":\"2024-11-01T08:28:24+00:00\",\"description\":\"Cocuma Colombia. Id\u00e9al pour un caf\u00e9 filtre classique. 100% Arabica, Castillo Naranjal, washed, via Raw Materials de la station Villamar\u00eca, Caldas.\",\"breadcrumb\":{\"@id\":\"https:\\\/\\\/cocuma.ch\\\/fr\\\/produkt\\\/colombie\\\/#breadcrumb\"},\"inLanguage\":\"fr-FR\",\"potentialAction\":[{\"@type\":\"ReadAction\",\"target\":[\"https:\\\/\\\/cocuma.ch\\\/fr\\\/produkt\\\/colombie\\\/\"]}]},{\"@type\":\"ImageObject\",\"inLanguage\":\"fr-FR\",\"@id\":\"https:\\\/\\\/cocuma.ch\\\/fr\\\/produkt\\\/colombie\\\/#primaryimage\",\"url\":\"https:\\\/\\\/cocuma.ch\\\/wp-content\\\/uploads\\\/2025\\\/11\\\/Colombia-Kaffee.png\",\"contentUrl\":\"https:\\\/\\\/cocuma.ch\\\/wp-content\\\/uploads\\\/2025\\\/11\\\/Colombia-Kaffee.png\",\"width\":1800,\"height\":1800,\"caption\":\"Colombia-Kaffee\"},{\"@type\":\"BreadcrumbList\",\"@id\":\"https:\\\/\\\/cocuma.ch\\\/fr\\\/produkt\\\/colombie\\\/#breadcrumb\",\"itemListElement\":[{\"@type\":\"ListItem\",\"position\":1,\"name\":\"Startseite\",\"item\":\"https:\\\/\\\/cocuma.ch\\\/fr\\\/accueil\\\/\"},{\"@type\":\"ListItem\",\"position\":2,\"name\":\"Shop\",\"item\":\"https:\\\/\\\/cocuma.ch\\\/de\\\/shop\\\/\"},{\"@type\":\"ListItem\",\"position\":3,\"name\":\"Colombia\"}]},{\"@type\":\"WebSite\",\"@id\":\"https:\\\/\\\/cocuma.ch\\\/fr\\\/#website\",\"url\":\"https:\\\/\\\/cocuma.ch\\\/fr\\\/\",\"name\":\"Cocuma Caff\u00e8\",\"description\":\"la cultura del buon caff\u00e8\",\"publisher\":{\"@id\":\"https:\\\/\\\/cocuma.ch\\\/fr\\\/#organization\"},\"alternateName\":\"Cocuma Kaffeegenuss \\\/ Cocuma plaisir du caf\u00e9\",\"potentialAction\":[{\"@type\":\"SearchAction\",\"target\":{\"@type\":\"EntryPoint\",\"urlTemplate\":\"https:\\\/\\\/cocuma.ch\\\/fr\\\/?s={search_term_string}\"},\"query-input\":{\"@type\":\"PropertyValueSpecification\",\"valueRequired\":true,\"valueName\":\"search_term_string\"}}],\"inLanguage\":\"fr-FR\"},{\"@type\":\"Organization\",\"@id\":\"https:\\\/\\\/cocuma.ch\\\/fr\\\/#organization\",\"name\":\"Cocuma AG\",\"url\":\"https:\\\/\\\/cocuma.ch\\\/fr\\\/\",\"logo\":{\"@type\":\"ImageObject\",\"inLanguage\":\"fr-FR\",\"@id\":\"https:\\\/\\\/cocuma.ch\\\/fr\\\/#\\\/schema\\\/logo\\\/image\\\/\",\"url\":\"https:\\\/\\\/cocuma.ch\\\/wp-content\\\/uploads\\\/2024\\\/01\\\/Cocuma_Logo_Beans_cmyk.svg\",\"contentUrl\":\"https:\\\/\\\/cocuma.ch\\\/wp-content\\\/uploads\\\/2024\\\/01\\\/Cocuma_Logo_Beans_cmyk.svg\",\"width\":406,\"height\":135,\"caption\":\"Cocuma AG\"},\"image\":{\"@id\":\"https:\\\/\\\/cocuma.ch\\\/fr\\\/#\\\/schema\\\/logo\\\/image\\\/\"},\"sameAs\":[\"https:\\\/\\\/www.instagram.com\\\/cocuma_caffe\\\/\",\"https:\\\/\\\/www.linkedin.com\\\/company\\\/cocuma-ag\\\/\"]}]}<\/script>\n<!-- \/ Yoast SEO plugin. -->","yoast_head_json":{"title":"Colombia - Cocuma Caff\u00e8","description":"Cocuma Colombia. Id\u00e9al pour un caf\u00e9 filtre classique. 100% Arabica, Castillo Naranjal, washed, via Raw Materials de la station Villamar\u00eca, Caldas.","robots":{"index":"index","follow":"follow","max-snippet":"max-snippet:-1","max-image-preview":"max-image-preview:large","max-video-preview":"max-video-preview:-1"},"canonical":"https:\/\/cocuma.ch\/fr\/produkt\/colombie\/","og_locale":"fr_FR","og_type":"article","og_title":"Colombia - Cocuma Caff\u00e8","og_description":"Cocuma Colombia. Id\u00e9al pour un caf\u00e9 filtre classique. 100% Arabica, Castillo Naranjal, washed, via Raw Materials de la station Villamar\u00eca, Caldas.","og_url":"https:\/\/cocuma.ch\/fr\/produkt\/colombie\/","og_site_name":"Cocuma Caff\u00e8","article_modified_time":"2024-11-01T08:28:24+00:00","og_image":[{"width":1800,"height":1800,"url":"https:\/\/cocuma.ch\/wp-content\/uploads\/2025\/11\/Colombia-Kaffee.png","type":"image\/png"}],"twitter_card":"summary_large_image","schema":{"@context":"https:\/\/schema.org","@graph":[{"@type":"WebPage","@id":"https:\/\/cocuma.ch\/fr\/produkt\/colombie\/","url":"https:\/\/cocuma.ch\/fr\/produkt\/colombie\/","name":"Colombia - Cocuma Caff\u00e8","isPartOf":{"@id":"https:\/\/cocuma.ch\/fr\/#website"},"primaryImageOfPage":{"@id":"https:\/\/cocuma.ch\/fr\/produkt\/colombie\/#primaryimage"},"image":{"@id":"https:\/\/cocuma.ch\/fr\/produkt\/colombie\/#primaryimage"},"thumbnailUrl":"https:\/\/cocuma.ch\/wp-content\/uploads\/2025\/11\/Colombia-Kaffee.png","datePublished":"2024-01-24T08:13:34+00:00","dateModified":"2024-11-01T08:28:24+00:00","description":"Cocuma Colombia. Id\u00e9al pour un caf\u00e9 filtre classique. 100% Arabica, Castillo Naranjal, washed, via Raw Materials de la station Villamar\u00eca, Caldas.","breadcrumb":{"@id":"https:\/\/cocuma.ch\/fr\/produkt\/colombie\/#breadcrumb"},"inLanguage":"fr-FR","potentialAction":[{"@type":"ReadAction","target":["https:\/\/cocuma.ch\/fr\/produkt\/colombie\/"]}]},{"@type":"ImageObject","inLanguage":"fr-FR","@id":"https:\/\/cocuma.ch\/fr\/produkt\/colombie\/#primaryimage","url":"https:\/\/cocuma.ch\/wp-content\/uploads\/2025\/11\/Colombia-Kaffee.png","contentUrl":"https:\/\/cocuma.ch\/wp-content\/uploads\/2025\/11\/Colombia-Kaffee.png","width":1800,"height":1800,"caption":"Colombia-Kaffee"},{"@type":"BreadcrumbList","@id":"https:\/\/cocuma.ch\/fr\/produkt\/colombie\/#breadcrumb","itemListElement":[{"@type":"ListItem","position":1,"name":"Startseite","item":"https:\/\/cocuma.ch\/fr\/accueil\/"},{"@type":"ListItem","position":2,"name":"Shop","item":"https:\/\/cocuma.ch\/de\/shop\/"},{"@type":"ListItem","position":3,"name":"Colombia"}]},{"@type":"WebSite","@id":"https:\/\/cocuma.ch\/fr\/#website","url":"https:\/\/cocuma.ch\/fr\/","name":"Cocuma Caff\u00e8","description":"la cultura del buon caff\u00e8","publisher":{"@id":"https:\/\/cocuma.ch\/fr\/#organization"},"alternateName":"Cocuma Kaffeegenuss \/ Cocuma plaisir du caf\u00e9","potentialAction":[{"@type":"SearchAction","target":{"@type":"EntryPoint","urlTemplate":"https:\/\/cocuma.ch\/fr\/?s={search_term_string}"},"query-input":{"@type":"PropertyValueSpecification","valueRequired":true,"valueName":"search_term_string"}}],"inLanguage":"fr-FR"},{"@type":"Organization","@id":"https:\/\/cocuma.ch\/fr\/#organization","name":"Cocuma AG","url":"https:\/\/cocuma.ch\/fr\/","logo":{"@type":"ImageObject","inLanguage":"fr-FR","@id":"https:\/\/cocuma.ch\/fr\/#\/schema\/logo\/image\/","url":"https:\/\/cocuma.ch\/wp-content\/uploads\/2024\/01\/Cocuma_Logo_Beans_cmyk.svg","contentUrl":"https:\/\/cocuma.ch\/wp-content\/uploads\/2024\/01\/Cocuma_Logo_Beans_cmyk.svg","width":406,"height":135,"caption":"Cocuma AG"},"image":{"@id":"https:\/\/cocuma.ch\/fr\/#\/schema\/logo\/image\/"},"sameAs":["https:\/\/www.instagram.com\/cocuma_caffe\/","https:\/\/www.linkedin.com\/company\/cocuma-ag\/"]}]}},"_links":{"self":[{"href":"https:\/\/cocuma.ch\/fr\/wp-json\/wp\/v2\/product\/1292","targetHints":{"allow":["GET"]}}],"collection":[{"href":"https:\/\/cocuma.ch\/fr\/wp-json\/wp\/v2\/product"}],"about":[{"href":"https:\/\/cocuma.ch\/fr\/wp-json\/wp\/v2\/types\/product"}],"wp:featuredmedia":[{"embeddable":true,"href":"https:\/\/cocuma.ch\/fr\/wp-json\/wp\/v2\/media\/15253"}],"wp:attachment":[{"href":"https:\/\/cocuma.ch\/fr\/wp-json\/wp\/v2\/media?parent=1292"}],"wp:term":[{"taxonomy":"product_brand","embeddable":true,"href":"https:\/\/cocuma.ch\/fr\/wp-json\/wp\/v2\/product_brand?post=1292"},{"taxonomy":"product_cat","embeddable":true,"href":"https:\/\/cocuma.ch\/fr\/wp-json\/wp\/v2\/product_cat?post=1292"},{"taxonomy":"product_tag","embeddable":true,"href":"https:\/\/cocuma.ch\/fr\/wp-json\/wp\/v2\/product_tag?post=1292"}],"curies":[{"name":"wp","href":"https:\/\/api.w.org\/{rel}","templated":true}]}}