{"id":2202,"date":"2024-03-05T14:18:25","date_gmt":"2024-03-05T13:18:25","guid":{"rendered":"https:\/\/cocuma.ch\/?post_type=product&#038;p=2202"},"modified":"2025-01-29T11:24:58","modified_gmt":"2025-01-29T10:24:58","slug":"bons-dachat-kopie","status":"publish","type":"product","link":"https:\/\/cocuma.ch\/fr\/produkt\/bons-dachat-kopie\/","title":{"rendered":"Bons d&rsquo;achat"},"content":{"rendered":"","protected":false},"excerpt":{"rendered":"<p>Tu cherches un cadeau appropri\u00e9 ? Un bon d&rsquo;achat COCUMA peut \u00eatre utilis\u00e9 dans la boutique en ligne et s&rsquo;applique aux produits et aux cours. <\/p>\n","protected":false},"featured_media":1171,"template":"","meta":{"inline_featured_image":false},"product_brand":[],"product_cat":[132],"product_tag":[],"class_list":{"0":"post-2202","1":"product","2":"type-product","3":"status-publish","4":"has-post-thumbnail","6":"product_cat-bons-dachat","7":"product_shipping_class-coupon","9":"first","10":"instock","11":"purchasable","12":"product-type-pw-gift-card","13":"has-default-attributes"},"yoast_head":"<!-- This site is optimized with the Yoast SEO plugin v27.4 - https:\/\/yoast.com\/product\/yoast-seo-wordpress\/ -->\n<title>Bons d&#039;achat - Cocuma Caff\u00e8<\/title>\n<meta name=\"description\" content=\"Bon d&#039;achat COCUMA. Tu cherches un cadeau id\u00e9al pour votre ami(e) ? Les bons d&#039;achat COCUMA peuvent \u00eatre utilis\u00e9s pour des produits et des cours.\" \/>\n<meta name=\"robots\" content=\"index, follow, max-snippet:-1, max-image-preview:large, max-video-preview:-1\" \/>\n<link rel=\"canonical\" href=\"https:\/\/cocuma.ch\/fr\/produkt\/bons-dachat-kopie\/\" \/>\n<meta property=\"og:locale\" content=\"fr_FR\" \/>\n<meta property=\"og:type\" content=\"article\" \/>\n<meta property=\"og:title\" content=\"Bons d&#039;achat - Cocuma Caff\u00e8\" \/>\n<meta property=\"og:description\" content=\"Bon d&#039;achat COCUMA. Tu cherches un cadeau id\u00e9al pour votre ami(e) ? Les bons d&#039;achat COCUMA peuvent \u00eatre utilis\u00e9s pour des produits et des cours.\" \/>\n<meta property=\"og:url\" content=\"https:\/\/cocuma.ch\/fr\/produkt\/bons-dachat-kopie\/\" \/>\n<meta property=\"og:site_name\" content=\"Cocuma Caff\u00e8\" \/>\n<meta property=\"article:modified_time\" content=\"2025-01-29T10:24:58+00:00\" \/>\n<meta property=\"og:image\" content=\"https:\/\/cocuma.ch\/wp-content\/uploads\/2024\/01\/Kurse-Shop_01.jpg\" \/>\n\t<meta property=\"og:image:width\" content=\"1600\" \/>\n\t<meta property=\"og:image:height\" content=\"1600\" \/>\n\t<meta property=\"og:image:type\" content=\"image\/jpeg\" \/>\n<meta name=\"twitter:card\" content=\"summary_large_image\" \/>\n<meta name=\"twitter:label1\" content=\"Dur\u00e9e de lecture estim\u00e9e\" \/>\n\t<meta name=\"twitter:data1\" content=\"1 minute\" \/>\n<script type=\"application\/ld+json\" class=\"yoast-schema-graph\">{\"@context\":\"https:\\\/\\\/schema.org\",\"@graph\":[{\"@type\":\"WebPage\",\"@id\":\"https:\\\/\\\/cocuma.ch\\\/fr\\\/produkt\\\/bons-dachat-kopie\\\/\",\"url\":\"https:\\\/\\\/cocuma.ch\\\/fr\\\/produkt\\\/bons-dachat-kopie\\\/\",\"name\":\"Bons d'achat - Cocuma Caff\u00e8\",\"isPartOf\":{\"@id\":\"https:\\\/\\\/cocuma.ch\\\/fr\\\/#website\"},\"primaryImageOfPage\":{\"@id\":\"https:\\\/\\\/cocuma.ch\\\/fr\\\/produkt\\\/bons-dachat-kopie\\\/#primaryimage\"},\"image\":{\"@id\":\"https:\\\/\\\/cocuma.ch\\\/fr\\\/produkt\\\/bons-dachat-kopie\\\/#primaryimage\"},\"thumbnailUrl\":\"https:\\\/\\\/cocuma.ch\\\/wp-content\\\/uploads\\\/2024\\\/01\\\/Kurse-Shop_01.jpg\",\"datePublished\":\"2024-03-05T13:18:25+00:00\",\"dateModified\":\"2025-01-29T10:24:58+00:00\",\"description\":\"Bon d'achat COCUMA. Tu cherches un cadeau id\u00e9al pour votre ami(e) ? Les bons d'achat COCUMA peuvent \u00eatre utilis\u00e9s pour des produits et des cours.\",\"breadcrumb\":{\"@id\":\"https:\\\/\\\/cocuma.ch\\\/fr\\\/produkt\\\/bons-dachat-kopie\\\/#breadcrumb\"},\"inLanguage\":\"fr-FR\",\"potentialAction\":[{\"@type\":\"ReadAction\",\"target\":[\"https:\\\/\\\/cocuma.ch\\\/fr\\\/produkt\\\/bons-dachat-kopie\\\/\"]}]},{\"@type\":\"ImageObject\",\"inLanguage\":\"fr-FR\",\"@id\":\"https:\\\/\\\/cocuma.ch\\\/fr\\\/produkt\\\/bons-dachat-kopie\\\/#primaryimage\",\"url\":\"https:\\\/\\\/cocuma.ch\\\/wp-content\\\/uploads\\\/2024\\\/01\\\/Kurse-Shop_01.jpg\",\"contentUrl\":\"https:\\\/\\\/cocuma.ch\\\/wp-content\\\/uploads\\\/2024\\\/01\\\/Kurse-Shop_01.jpg\",\"width\":1600,\"height\":1600,\"caption\":\"Crash course de barista dans le Cocuma Lounge ou \u00e0 Domicil\"},{\"@type\":\"BreadcrumbList\",\"@id\":\"https:\\\/\\\/cocuma.ch\\\/fr\\\/produkt\\\/bons-dachat-kopie\\\/#breadcrumb\",\"itemListElement\":[{\"@type\":\"ListItem\",\"position\":1,\"name\":\"Startseite\",\"item\":\"https:\\\/\\\/cocuma.ch\\\/fr\\\/accueil\\\/\"},{\"@type\":\"ListItem\",\"position\":2,\"name\":\"Shop\",\"item\":\"https:\\\/\\\/cocuma.ch\\\/de\\\/shop\\\/\"},{\"@type\":\"ListItem\",\"position\":3,\"name\":\"Bons d&#8217;achat\"}]},{\"@type\":\"WebSite\",\"@id\":\"https:\\\/\\\/cocuma.ch\\\/fr\\\/#website\",\"url\":\"https:\\\/\\\/cocuma.ch\\\/fr\\\/\",\"name\":\"Cocuma Caff\u00e8\",\"description\":\"la cultura del buon caff\u00e8\",\"publisher\":{\"@id\":\"https:\\\/\\\/cocuma.ch\\\/fr\\\/#organization\"},\"alternateName\":\"Cocuma Kaffeegenuss \\\/ Cocuma plaisir du caf\u00e9\",\"potentialAction\":[{\"@type\":\"SearchAction\",\"target\":{\"@type\":\"EntryPoint\",\"urlTemplate\":\"https:\\\/\\\/cocuma.ch\\\/fr\\\/?s={search_term_string}\"},\"query-input\":{\"@type\":\"PropertyValueSpecification\",\"valueRequired\":true,\"valueName\":\"search_term_string\"}}],\"inLanguage\":\"fr-FR\"},{\"@type\":\"Organization\",\"@id\":\"https:\\\/\\\/cocuma.ch\\\/fr\\\/#organization\",\"name\":\"Cocuma AG\",\"url\":\"https:\\\/\\\/cocuma.ch\\\/fr\\\/\",\"logo\":{\"@type\":\"ImageObject\",\"inLanguage\":\"fr-FR\",\"@id\":\"https:\\\/\\\/cocuma.ch\\\/fr\\\/#\\\/schema\\\/logo\\\/image\\\/\",\"url\":\"https:\\\/\\\/cocuma.ch\\\/wp-content\\\/uploads\\\/2024\\\/01\\\/Cocuma_Logo_Beans_cmyk.svg\",\"contentUrl\":\"https:\\\/\\\/cocuma.ch\\\/wp-content\\\/uploads\\\/2024\\\/01\\\/Cocuma_Logo_Beans_cmyk.svg\",\"width\":406,\"height\":135,\"caption\":\"Cocuma AG\"},\"image\":{\"@id\":\"https:\\\/\\\/cocuma.ch\\\/fr\\\/#\\\/schema\\\/logo\\\/image\\\/\"},\"sameAs\":[\"https:\\\/\\\/www.instagram.com\\\/cocuma_caffe\\\/\",\"https:\\\/\\\/www.linkedin.com\\\/company\\\/cocuma-ag\\\/\"]}]}<\/script>\n<!-- \/ Yoast SEO plugin. -->","yoast_head_json":{"title":"Bons d'achat - Cocuma Caff\u00e8","description":"Bon d'achat COCUMA. Tu cherches un cadeau id\u00e9al pour votre ami(e) ? Les bons d'achat COCUMA peuvent \u00eatre utilis\u00e9s pour des produits et des cours.","robots":{"index":"index","follow":"follow","max-snippet":"max-snippet:-1","max-image-preview":"max-image-preview:large","max-video-preview":"max-video-preview:-1"},"canonical":"https:\/\/cocuma.ch\/fr\/produkt\/bons-dachat-kopie\/","og_locale":"fr_FR","og_type":"article","og_title":"Bons d'achat - Cocuma Caff\u00e8","og_description":"Bon d'achat COCUMA. Tu cherches un cadeau id\u00e9al pour votre ami(e) ? Les bons d'achat COCUMA peuvent \u00eatre utilis\u00e9s pour des produits et des cours.","og_url":"https:\/\/cocuma.ch\/fr\/produkt\/bons-dachat-kopie\/","og_site_name":"Cocuma Caff\u00e8","article_modified_time":"2025-01-29T10:24:58+00:00","og_image":[{"width":1600,"height":1600,"url":"https:\/\/cocuma.ch\/wp-content\/uploads\/2024\/01\/Kurse-Shop_01.jpg","type":"image\/jpeg"}],"twitter_card":"summary_large_image","twitter_misc":{"Dur\u00e9e de lecture estim\u00e9e":"1 minute"},"schema":{"@context":"https:\/\/schema.org","@graph":[{"@type":"WebPage","@id":"https:\/\/cocuma.ch\/fr\/produkt\/bons-dachat-kopie\/","url":"https:\/\/cocuma.ch\/fr\/produkt\/bons-dachat-kopie\/","name":"Bons d'achat - Cocuma Caff\u00e8","isPartOf":{"@id":"https:\/\/cocuma.ch\/fr\/#website"},"primaryImageOfPage":{"@id":"https:\/\/cocuma.ch\/fr\/produkt\/bons-dachat-kopie\/#primaryimage"},"image":{"@id":"https:\/\/cocuma.ch\/fr\/produkt\/bons-dachat-kopie\/#primaryimage"},"thumbnailUrl":"https:\/\/cocuma.ch\/wp-content\/uploads\/2024\/01\/Kurse-Shop_01.jpg","datePublished":"2024-03-05T13:18:25+00:00","dateModified":"2025-01-29T10:24:58+00:00","description":"Bon d'achat COCUMA. Tu cherches un cadeau id\u00e9al pour votre ami(e) ? Les bons d'achat COCUMA peuvent \u00eatre utilis\u00e9s pour des produits et des cours.","breadcrumb":{"@id":"https:\/\/cocuma.ch\/fr\/produkt\/bons-dachat-kopie\/#breadcrumb"},"inLanguage":"fr-FR","potentialAction":[{"@type":"ReadAction","target":["https:\/\/cocuma.ch\/fr\/produkt\/bons-dachat-kopie\/"]}]},{"@type":"ImageObject","inLanguage":"fr-FR","@id":"https:\/\/cocuma.ch\/fr\/produkt\/bons-dachat-kopie\/#primaryimage","url":"https:\/\/cocuma.ch\/wp-content\/uploads\/2024\/01\/Kurse-Shop_01.jpg","contentUrl":"https:\/\/cocuma.ch\/wp-content\/uploads\/2024\/01\/Kurse-Shop_01.jpg","width":1600,"height":1600,"caption":"Crash course de barista dans le Cocuma Lounge ou \u00e0 Domicil"},{"@type":"BreadcrumbList","@id":"https:\/\/cocuma.ch\/fr\/produkt\/bons-dachat-kopie\/#breadcrumb","itemListElement":[{"@type":"ListItem","position":1,"name":"Startseite","item":"https:\/\/cocuma.ch\/fr\/accueil\/"},{"@type":"ListItem","position":2,"name":"Shop","item":"https:\/\/cocuma.ch\/de\/shop\/"},{"@type":"ListItem","position":3,"name":"Bons d&#8217;achat"}]},{"@type":"WebSite","@id":"https:\/\/cocuma.ch\/fr\/#website","url":"https:\/\/cocuma.ch\/fr\/","name":"Cocuma Caff\u00e8","description":"la cultura del buon caff\u00e8","publisher":{"@id":"https:\/\/cocuma.ch\/fr\/#organization"},"alternateName":"Cocuma Kaffeegenuss \/ Cocuma plaisir du caf\u00e9","potentialAction":[{"@type":"SearchAction","target":{"@type":"EntryPoint","urlTemplate":"https:\/\/cocuma.ch\/fr\/?s={search_term_string}"},"query-input":{"@type":"PropertyValueSpecification","valueRequired":true,"valueName":"search_term_string"}}],"inLanguage":"fr-FR"},{"@type":"Organization","@id":"https:\/\/cocuma.ch\/fr\/#organization","name":"Cocuma AG","url":"https:\/\/cocuma.ch\/fr\/","logo":{"@type":"ImageObject","inLanguage":"fr-FR","@id":"https:\/\/cocuma.ch\/fr\/#\/schema\/logo\/image\/","url":"https:\/\/cocuma.ch\/wp-content\/uploads\/2024\/01\/Cocuma_Logo_Beans_cmyk.svg","contentUrl":"https:\/\/cocuma.ch\/wp-content\/uploads\/2024\/01\/Cocuma_Logo_Beans_cmyk.svg","width":406,"height":135,"caption":"Cocuma AG"},"image":{"@id":"https:\/\/cocuma.ch\/fr\/#\/schema\/logo\/image\/"},"sameAs":["https:\/\/www.instagram.com\/cocuma_caffe\/","https:\/\/www.linkedin.com\/company\/cocuma-ag\/"]}]}},"_links":{"self":[{"href":"https:\/\/cocuma.ch\/fr\/wp-json\/wp\/v2\/product\/2202","targetHints":{"allow":["GET"]}}],"collection":[{"href":"https:\/\/cocuma.ch\/fr\/wp-json\/wp\/v2\/product"}],"about":[{"href":"https:\/\/cocuma.ch\/fr\/wp-json\/wp\/v2\/types\/product"}],"wp:featuredmedia":[{"embeddable":true,"href":"https:\/\/cocuma.ch\/fr\/wp-json\/wp\/v2\/media\/1171"}],"wp:attachment":[{"href":"https:\/\/cocuma.ch\/fr\/wp-json\/wp\/v2\/media?parent=2202"}],"wp:term":[{"taxonomy":"product_brand","embeddable":true,"href":"https:\/\/cocuma.ch\/fr\/wp-json\/wp\/v2\/product_brand?post=2202"},{"taxonomy":"product_cat","embeddable":true,"href":"https:\/\/cocuma.ch\/fr\/wp-json\/wp\/v2\/product_cat?post=2202"},{"taxonomy":"product_tag","embeddable":true,"href":"https:\/\/cocuma.ch\/fr\/wp-json\/wp\/v2\/product_tag?post=2202"}],"curies":[{"name":"wp","href":"https:\/\/api.w.org\/{rel}","templated":true}]}}